{"id":10074,"date":"2024-10-16T06:58:29","date_gmt":"2024-10-16T06:58:29","guid":{"rendered":"https:\/\/laovalue.com\/our-vision-and-mission\/"},"modified":"2025-02-27T09:03:53","modified_gmt":"2025-02-27T09:03:53","slug":"our-vision-and-mission","status":"publish","type":"page","link":"https:\/\/laovalue.com\/vi\/our-vision-and-mission\/","title":{"rendered":"T\u1ea7m nh\u00ecn v\u00e0 s\u1ee9 m\u1ec7nh c\u1ee7a ch\u00fang t\u00f4i"},"content":{"rendered":"\t\t<div data-elementor-type=\"wp-page\" data-elementor-id=\"10074\" class=\"elementor elementor-10074 elementor-4612\" data-elementor-post-type=\"page\">\n\t\t\t\t<div class=\"elementor-element elementor-element-4c35102f e-flex e-con-boxed e-con e-parent\" data-id=\"4c35102f\" data-element_type=\"container\" data-e-type=\"container\">\n\t\t\t\t\t<div class=\"e-con-inner\">\n\t\t\r\n\t\t<div class=\"elementor-element elementor-element-f634fdf elementor-widget elementor-widget-text-editor\" data-id=\"f634fdf\" data-element_type=\"widget\" data-e-type=\"widget\" data-widget_type=\"text-editor.default\">\n\t\t\t\t<div class=\"elementor-widget-container\">\n\t\t\t\t\t\t\t\t\tT\u1ea7m nh\u00ecn:\r\nTr\u1edf th\u00e0nh \u0111\u01a1n v\u1ecb d\u1eabn \u0111\u1ea7u trong ng\u00e0nh \u0110\u1ecbnh gi\u00e1 B\u1ea5t \u0111\u1ed9ng s\u1ea3n t\u1ea1i L\u00e0o v\u00e0o n\u0103m 2025.\r\n\r\nS\u1ee9 m\u1ec7nh:\r\nCung c\u1ea5p d\u1ecbch v\u1ee5 ch\u1ea5t l\u01b0\u1ee3ng nhanh ch\u00f3ng v\u00e0 l\u1ecbch s\u1ef1, \u0111\u1ed3ng th\u1eddi thu th\u1eadp th\u00f4ng tin ch\u00ednh x\u00e1c \u0111\u1ec3 \u0111\u1ea3m b\u1ea3o c\u00e1c \u0111\u00e1nh gi\u00e1 c\u00f4ng b\u1eb1ng, kh\u00f4ng thi\u00ean v\u1ecb ph\u1ee5c v\u1ee5 m\u1ee5c \u0111\u00edch \u0111\u00e1nh gi\u00e1, \u0111\u1ed3ng th\u1eddi gi\u00fap ch\u00ednh ph\u1ee7 d\u1ec5 ti\u1ebfp c\u1eadn h\u01a1n v\u1edbi ch\u1ee7 s\u1edf h\u1eefu b\u1ea5t \u0111\u1ed9ng s\u1ea3n th\u00f4ng qua c\u00f4ng ngh\u1ec7.\r\n\r\nCh\u00fang t\u00f4i cam k\u1ebft:\r\n<ul>\r\n \t<li>D\u1eabn \u0111\u1ea7u ng\u00e0nh trong d\u1ecbch v\u1ee5 kh\u00e1ch h\u00e0ng xu\u1ea5t s\u1eafc, ch\u1ea5t l\u01b0\u1ee3ng c\u00f4ng vi\u1ec7c v\u00e0 v\u01b0\u1ee3t qua k\u1ef3 v\u1ecdng c\u1ee7a nh\u00e2n vi\u00ean, kh\u00e1ch h\u00e0ng v\u00e0 chuy\u00ean gia \u0111\u1ecbnh gi\u00e1.<\/li>\r\n \t<li>X\u00e2y d\u1ef1ng c\u00f4ng ty v\u1edbi n\u1ec1n t\u1ea3ng v\u1eefng ch\u1eafc xung quanh \u0111\u1ed9i ng\u0169 nh\u00e2n vi\u00ean m\u1eabu m\u1ef1c.<\/li>\r\n \t<li>\u0110\u1ea3m b\u1ea3o v\u00e0 duy tr\u00ec c\u00e1c m\u1ed1i quan h\u1ec7 \u0111\u1ed1i t\u00e1c m\u1ea1nh m\u1ebd trong ng\u00e0nh.<\/li>\r\n<\/ul>\t\t\t\t\t\t\t\t<\/div>\n\t\t\t\t<\/div>\n\t\t\t\t\t<\/div>\n\t\t\t\t<\/div>\n\t\t\t\t<\/div>\n\t\t","protected":false},"excerpt":{"rendered":"<p>T\u1ea7m nh\u00ecn: Tr\u1edf th\u00e0nh \u0111\u01a1n v\u1ecb d\u1eabn \u0111\u1ea7u trong ng\u00e0nh \u0110\u1ecbnh gi\u00e1 B\u1ea5t \u0111\u1ed9ng s\u1ea3n t\u1ea1i L\u00e0o v\u00e0o n\u0103m 2025. S\u1ee9 m\u1ec7nh: Cung c\u1ea5p d\u1ecbch v\u1ee5 ch\u1ea5t l\u01b0\u1ee3ng nhanh ch\u00f3ng v\u00e0 l\u1ecbch s\u1ef1, \u0111\u1ed3ng th\u1eddi thu th\u1eadp th\u00f4ng tin ch\u00ednh x\u00e1c \u0111\u1ec3 \u0111\u1ea3m b\u1ea3o c\u00e1c \u0111\u00e1nh gi\u00e1 c\u00f4ng b\u1eb1ng, kh\u00f4ng thi\u00ean v\u1ecb ph\u1ee5c v\u1ee5 m\u1ee5c&#8230;<\/p>\n","protected":false},"author":1,"featured_media":6771,"parent":0,"menu_order":0,"comment_status":"closed","ping_status":"closed","template":"","meta":{"_monsterinsights_skip_tracking":false,"_monsterinsights_sitenote_active":false,"_monsterinsights_sitenote_note":"","_monsterinsights_sitenote_category":0,"ngg_post_thumbnail":0,"footnotes":""},"class_list":["post-10074","page","type-page","status-publish","has-post-thumbnail","hentry"],"aioseo_notices":[],"_links":{"self":[{"href":"https:\/\/laovalue.com\/vi\/wp-json\/wp\/v2\/pages\/10074","targetHints":{"allow":["GET"]}}],"collection":[{"href":"https:\/\/laovalue.com\/vi\/wp-json\/wp\/v2\/pages"}],"about":[{"href":"https:\/\/laovalue.com\/vi\/wp-json\/wp\/v2\/types\/page"}],"author":[{"embeddable":true,"href":"https:\/\/laovalue.com\/vi\/wp-json\/wp\/v2\/users\/1"}],"replies":[{"embeddable":true,"href":"https:\/\/laovalue.com\/vi\/wp-json\/wp\/v2\/comments?post=10074"}],"version-history":[{"count":9,"href":"https:\/\/laovalue.com\/vi\/wp-json\/wp\/v2\/pages\/10074\/revisions"}],"predecessor-version":[{"id":12687,"href":"https:\/\/laovalue.com\/vi\/wp-json\/wp\/v2\/pages\/10074\/revisions\/12687"}],"wp:featuredmedia":[{"embeddable":true,"href":"https:\/\/laovalue.com\/vi\/wp-json\/wp\/v2\/media\/6771"}],"wp:attachment":[{"href":"https:\/\/laovalue.com\/vi\/wp-json\/wp\/v2\/media?parent=10074"}],"curies":[{"name":"wp","href":"https:\/\/api.w.org\/{rel}","templated":true}]}}