{"id":10124,"date":"2024-10-16T07:01:38","date_gmt":"2024-10-16T07:01:38","guid":{"rendered":"https:\/\/laovalue.com\/core-values\/"},"modified":"2025-02-27T09:12:03","modified_gmt":"2025-02-27T09:12:03","slug":"core-values","status":"publish","type":"page","link":"https:\/\/laovalue.com\/vi\/core-values\/","title":{"rendered":"Gi\u00e1 tr\u1ecb c\u1ed1t l\u00f5i"},"content":{"rendered":"\t\t<div data-elementor-type=\"wp-page\" data-elementor-id=\"10124\" class=\"elementor elementor-10124 elementor-4613\" data-elementor-post-type=\"page\">\n\t\t\t\t<div class=\"elementor-element elementor-element-7d6807c3 e-flex e-con-boxed e-con e-parent\" data-id=\"7d6807c3\" data-element_type=\"container\" data-e-type=\"container\">\n\t\t\t\t\t<div class=\"e-con-inner\">\n\t\t\r\n\t\t<div class=\"elementor-element elementor-element-6a3f304c elementor-widget elementor-widget-text-editor\" data-id=\"6a3f304c\" data-element_type=\"widget\" data-e-type=\"widget\" data-widget_type=\"text-editor.default\">\n\t\t\t\t<div class=\"elementor-widget-container\">\n\t\t\t\t\t\t\t\t\t<p><strong>Gi\u00e1 tr\u1ecb c\u1ed1t l\u00f5i c\u1ee7a c\u00f4ng ty ch\u00fang t\u00f4i<\/strong><\/p><ul><li><strong>Chuy\u00ean nghi\u1ec7p:<\/strong> T\u1eadn t\u00e2m s\u1eed d\u1ee5ng c\u00e1c chuy\u00ean gia c\u00f3 tr\u00ecnh \u0111\u1ed9 cao, th\u1ec3 hi\u1ec7n kh\u1ea3 n\u0103ng l\u00e3nh \u0111\u1ea1o tr\u00ean th\u1ecb tr\u01b0\u1eddng v\u00e0 chuy\u00ean m\u00f4n \u0111\u1ecbnh gi\u00e1 v\u1eefng ch\u1eafc.<\/li><li><strong>Ch\u00ednh tr\u1ef1c:<\/strong> Cam k\u1ebft h\u00e0nh vi \u0111\u1ea1o \u0111\u1ee9c, ch\u00ednh x\u00e1c, lu\u00f4n t\u00f4n tr\u1ecdng ph\u00e1p lu\u1eadt v\u00e0 \u0111\u1ecbnh gi\u00e1 kh\u00e1ch quan, qu\u1ea3n tr\u1ecb doanh nghi\u1ec7p theo th\u00f4ng l\u1ec7 t\u1ed1t nh\u1ea5t v\u00e0 d\u1ecbch v\u1ee5 \u0111\u00e1ng tin c\u1eady. S\u1ef1 ph\u00e1t tri\u1ec3n c\u1ee7a c\u00f4ng ty lu\u00f4n \u0111i \u0111\u00f4i v\u1edbi b\u1ea3o v\u1ec7 quy\u1ec1n l\u1ee3i c\u1ee7a kh\u00e1ch h\u00e0ng v\u00e0 ph\u00e1t tri\u1ec3n \u0111\u1ea5t n\u01b0\u1edbc.<\/li><li><strong>S\u1ef1 xu\u1ea5t s\u1eafc:<\/strong> Ph\u1ea5n \u0111\u1ea5u cung c\u1ea5p d\u1ecbch v\u1ee5 kh\u00e1ch h\u00e0ng t\u1ed1t nh\u1ea5t, chuy\u00ean m\u00f4n h\u00e0ng \u0111\u1ea7u v\u00e0 ki\u1ebfn \u200b\u200bth\u1ee9c h\u00e0ng \u0111\u1ea7u v\u1ec1 th\u1ecb tr\u01b0\u1eddng.<\/li><li><strong>\u0110\u1ed9 tin c\u1eady:<\/strong> M\u1ecdi s\u1ea3n ph\u1ea9m c\u1ee7a c\u00f4ng ty ch\u00fang t\u00f4i \u0111\u1ec1u tu\u00e2n th\u1ee7 theo ti\u00eau chu\u1ea9n th\u1ef1c h\u00e0nh qu\u1ed1c t\u1ebf v\u00e0 \u0111\u1ea1o \u0111\u1ee9c \u0111\u1ecbnh gi\u00e1 th\u1ef1c t\u1ebf, gi\u00fap b\u1ea3o v\u1ec7 chuy\u00ean m\u00f4n c\u1ee7a ch\u00fang t\u00f4i khi \u0111\u01b0\u1ee3c y\u00eau c\u1ea7u.<\/li><\/ul><p><strong>Kh\u1ea9u hi\u1ec7u c\u1ee7a c\u00f4ng ty:<\/strong><\/p><ol><li><strong>\u201cTh\u1ef1c hi\u1ec7n ti\u1ec1m n\u0103ng t\u00e0i s\u1ea3n\u201d<br \/><a href=\"https:\/\/laovalue.com\/core-values\/corevalues\/\" rel=\"attachment wp-att-4621\"><img fetchpriority=\"high\" decoding=\"async\" class=\"size-medium wp-image-4621 alignright\" src=\"https:\/\/laovalue.com\/wp-content\/uploads\/2024\/10\/corevalues-300x200.webp\" alt=\"\" width=\"300\" height=\"200\" srcset=\"https:\/\/laovalue.com\/wp-content\/uploads\/2024\/10\/corevalues-300x200.webp 300w, https:\/\/laovalue.com\/wp-content\/uploads\/2024\/10\/corevalues.webp 512w\" sizes=\"(max-width: 300px) 100vw, 300px\" \/><\/a><\/strong><\/li><li><strong>\u201cNhanh ch\u00f3ng, chuy\u00ean nghi\u1ec7p v\u00e0 gi\u00e1 tr\u1ecb th\u1ecb tr\u01b0\u1eddng c\u00f4ng b\u1eb1ng\u201d<\/strong><\/li><\/ol>\t\t\t\t\t\t\t\t<\/div>\n\t\t\t\t<\/div>\n\t\t\t\t\t<\/div>\n\t\t\t\t<\/div>\n\t\t\t\t<\/div>\n\t\t","protected":false},"excerpt":{"rendered":"<p>Gi\u00e1 tr\u1ecb c\u1ed1t l\u00f5i c\u1ee7a c\u00f4ng ty ch\u00fang t\u00f4i Chuy\u00ean nghi\u1ec7p: T\u1eadn t\u00e2m s\u1eed d\u1ee5ng c\u00e1c chuy\u00ean gia c\u00f3 tr\u00ecnh \u0111\u1ed9 cao, th\u1ec3 hi\u1ec7n kh\u1ea3 n\u0103ng l\u00e3nh \u0111\u1ea1o tr\u00ean th\u1ecb tr\u01b0\u1eddng v\u00e0 chuy\u00ean m\u00f4n \u0111\u1ecbnh gi\u00e1 v\u1eefng ch\u1eafc. Ch\u00ednh tr\u1ef1c: Cam k\u1ebft h\u00e0nh vi \u0111\u1ea1o \u0111\u1ee9c, ch\u00ednh x\u00e1c, lu\u00f4n t\u00f4n tr\u1ecdng ph\u00e1p lu\u1eadt v\u00e0 \u0111\u1ecbnh&#8230;<\/p>\n","protected":false},"author":1,"featured_media":0,"parent":0,"menu_order":0,"comment_status":"closed","ping_status":"closed","template":"","meta":{"_monsterinsights_skip_tracking":false,"_monsterinsights_sitenote_active":false,"_monsterinsights_sitenote_note":"","_monsterinsights_sitenote_category":0,"ngg_post_thumbnail":0,"footnotes":""},"class_list":["post-10124","page","type-page","status-publish","hentry"],"aioseo_notices":[],"_links":{"self":[{"href":"https:\/\/laovalue.com\/vi\/wp-json\/wp\/v2\/pages\/10124","targetHints":{"allow":["GET"]}}],"collection":[{"href":"https:\/\/laovalue.com\/vi\/wp-json\/wp\/v2\/pages"}],"about":[{"href":"https:\/\/laovalue.com\/vi\/wp-json\/wp\/v2\/types\/page"}],"author":[{"embeddable":true,"href":"https:\/\/laovalue.com\/vi\/wp-json\/wp\/v2\/users\/1"}],"replies":[{"embeddable":true,"href":"https:\/\/laovalue.com\/vi\/wp-json\/wp\/v2\/comments?post=10124"}],"version-history":[{"count":17,"href":"https:\/\/laovalue.com\/vi\/wp-json\/wp\/v2\/pages\/10124\/revisions"}],"predecessor-version":[{"id":12700,"href":"https:\/\/laovalue.com\/vi\/wp-json\/wp\/v2\/pages\/10124\/revisions\/12700"}],"wp:attachment":[{"href":"https:\/\/laovalue.com\/vi\/wp-json\/wp\/v2\/media?parent=10124"}],"curies":[{"name":"wp","href":"https:\/\/api.w.org\/{rel}","templated":true}]}}