{"id":10305,"date":"2024-10-16T07:32:35","date_gmt":"2024-10-16T07:32:35","guid":{"rendered":"https:\/\/laovalue.com\/some-strategic-partners\/"},"modified":"2025-02-12T09:21:21","modified_gmt":"2025-02-12T09:21:21","slug":"some-strategic-partners","status":"publish","type":"page","link":"https:\/\/laovalue.com\/vi\/some-strategic-partners\/","title":{"rendered":"M\u1ed9t s\u1ed1 \u0111\u1ed1i t\u00e1c chi\u1ebfn l\u01b0\u1ee3c"},"content":{"rendered":"<p>M\u1ed9t s\u1ed1 \u0111\u1ed1i t\u00e1c ng\u00e2n h\u00e0ng chi\u1ebfn l\u01b0\u1ee3c m\u00e0 ch\u00fang t\u00f4i c\u00f3 m\u1eb7t trong h\u1ed9i \u0111\u1ed3ng \u0111\u1ecbnh gi\u00e1 v\u00e0 \u0111\u1ecbnh gi\u00e1 theo y\u00eau c\u1ea7u<\/p>\n<div id='gallery-1' class='gallery galleryid-10305 gallery-columns-3 gallery-size-medium'><figure class='gallery-item'>\n\t\t\t<div class='gallery-icon landscape'>\n\t\t\t\t<a href='https:\/\/laovalue.com\/wp-content\/uploads\/2024\/10\/area.webp'><img fetchpriority=\"high\" decoding=\"async\" width=\"300\" height=\"169\" src=\"https:\/\/laovalue.com\/wp-content\/uploads\/2024\/10\/area-300x169.webp\" class=\"attachment-medium size-medium\" alt=\"\" aria-describedby=\"gallery-1-6906\" srcset=\"https:\/\/laovalue.com\/wp-content\/uploads\/2024\/10\/area-300x169.webp 300w, https:\/\/laovalue.com\/wp-content\/uploads\/2024\/10\/area-391x220.webp 391w, https:\/\/laovalue.com\/wp-content\/uploads\/2024\/10\/area-595x337.webp 595w, https:\/\/laovalue.com\/wp-content\/uploads\/2024\/10\/area.webp 600w\" sizes=\"(max-width: 300px) 100vw, 300px\" \/><\/a>\n\t\t\t<\/div>\n\t\t\t\t<figcaption class='wp-caption-text gallery-caption' id='gallery-1-6906'>\n\t\t\t\t#image_title\n\t\t\t\t<\/figcaption><\/figure><figure class='gallery-item'>\n\t\t\t<div class='gallery-icon landscape'>\n\t\t\t\t<a href='https:\/\/laovalue.com\/wp-content\/uploads\/2024\/10\/arena.webp'><img decoding=\"async\" width=\"300\" height=\"169\" src=\"https:\/\/laovalue.com\/wp-content\/uploads\/2024\/10\/arena-300x169.webp\" class=\"attachment-medium size-medium\" alt=\"\" aria-describedby=\"gallery-1-6911\" srcset=\"https:\/\/laovalue.com\/wp-content\/uploads\/2024\/10\/arena-300x169.webp 300w, https:\/\/laovalue.com\/wp-content\/uploads\/2024\/10\/arena-391x220.webp 391w, https:\/\/laovalue.com\/wp-content\/uploads\/2024\/10\/arena-595x337.webp 595w, https:\/\/laovalue.com\/wp-content\/uploads\/2024\/10\/arena.webp 600w\" sizes=\"(max-width: 300px) 100vw, 300px\" \/><\/a>\n\t\t\t<\/div>\n\t\t\t\t<figcaption class='wp-caption-text gallery-caption' id='gallery-1-6911'>\n\t\t\t\t#image_title\n\t\t\t\t<\/figcaption><\/figure><figure class='gallery-item'>\n\t\t\t<div class='gallery-icon landscape'>\n\t\t\t\t<a href='https:\/\/laovalue.com\/wp-content\/uploads\/2024\/10\/psvb2.webp'><img decoding=\"async\" width=\"300\" height=\"169\" src=\"https:\/\/laovalue.com\/wp-content\/uploads\/2024\/10\/psvb2-300x169.webp\" class=\"attachment-medium size-medium\" alt=\"\" aria-describedby=\"gallery-1-6921\" srcset=\"https:\/\/laovalue.com\/wp-content\/uploads\/2024\/10\/psvb2-300x169.webp 300w, https:\/\/laovalue.com\/wp-content\/uploads\/2024\/10\/psvb2-391x220.webp 391w, https:\/\/laovalue.com\/wp-content\/uploads\/2024\/10\/psvb2-595x337.webp 595w, https:\/\/laovalue.com\/wp-content\/uploads\/2024\/10\/psvb2.webp 600w\" sizes=\"(max-width: 300px) 100vw, 300px\" \/><\/a>\n\t\t\t<\/div>\n\t\t\t\t<figcaption class='wp-caption-text gallery-caption' id='gallery-1-6921'>\n\t\t\t\t#image_title\n\t\t\t\t<\/figcaption><\/figure><figure class='gallery-item'>\n\t\t\t<div class='gallery-icon landscape'>\n\t\t\t\t<a href='https:\/\/laovalue.com\/wp-content\/uploads\/2024\/10\/vietcom.webp'><img loading=\"lazy\" decoding=\"async\" width=\"300\" height=\"169\" src=\"https:\/\/laovalue.com\/wp-content\/uploads\/2024\/10\/vietcom-300x169.webp\" class=\"attachment-medium size-medium\" alt=\"\" aria-describedby=\"gallery-1-6926\" srcset=\"https:\/\/laovalue.com\/wp-content\/uploads\/2024\/10\/vietcom-300x169.webp 300w, https:\/\/laovalue.com\/wp-content\/uploads\/2024\/10\/vietcom-391x220.webp 391w, https:\/\/laovalue.com\/wp-content\/uploads\/2024\/10\/vietcom-595x337.webp 595w, https:\/\/laovalue.com\/wp-content\/uploads\/2024\/10\/vietcom.webp 600w\" sizes=\"(max-width: 300px) 100vw, 300px\" \/><\/a>\n\t\t\t<\/div>\n\t\t\t\t<figcaption class='wp-caption-text gallery-caption' id='gallery-1-6926'>\n\t\t\t\t#image_title\n\t\t\t\t<\/figcaption><\/figure><figure class='gallery-item'>\n\t\t\t<div class='gallery-icon landscape'>\n\t\t\t\t<a href='https:\/\/laovalue.com\/wp-content\/uploads\/2024\/10\/images.png'><img loading=\"lazy\" decoding=\"async\" width=\"225\" height=\"225\" src=\"https:\/\/laovalue.com\/wp-content\/uploads\/2024\/10\/images.png\" class=\"attachment-medium size-medium\" alt=\"\" aria-describedby=\"gallery-1-6916\" srcset=\"https:\/\/laovalue.com\/wp-content\/uploads\/2024\/10\/images.png 225w, https:\/\/laovalue.com\/wp-content\/uploads\/2024\/10\/images-100x100.png 100w, https:\/\/laovalue.com\/wp-content\/uploads\/2024\/10\/images-150x150.png 150w, https:\/\/laovalue.com\/wp-content\/uploads\/2024\/10\/images-85x85.png 85w\" sizes=\"(max-width: 225px) 100vw, 225px\" \/><\/a>\n\t\t\t<\/div>\n\t\t\t\t<figcaption class='wp-caption-text gallery-caption' id='gallery-1-6916'>\n\t\t\t\t#image_title\n\t\t\t\t<\/figcaption><\/figure><figure class='gallery-item'>\n\t\t\t<div class='gallery-icon landscape'>\n\t\t\t\t<a href='https:\/\/laovalue.com\/wp-content\/uploads\/2024\/10\/49674077_1126765234164219_2567219982815461376_n.jpg'><img loading=\"lazy\" decoding=\"async\" width=\"300\" height=\"300\" src=\"https:\/\/laovalue.com\/wp-content\/uploads\/2024\/10\/49674077_1126765234164219_2567219982815461376_n-300x300.jpg\" class=\"attachment-medium size-medium\" alt=\"\" aria-describedby=\"gallery-1-6901\" srcset=\"https:\/\/laovalue.com\/wp-content\/uploads\/2024\/10\/49674077_1126765234164219_2567219982815461376_n-300x300.jpg 300w, https:\/\/laovalue.com\/wp-content\/uploads\/2024\/10\/49674077_1126765234164219_2567219982815461376_n-100x100.jpg 100w, https:\/\/laovalue.com\/wp-content\/uploads\/2024\/10\/49674077_1126765234164219_2567219982815461376_n-600x600.jpg 600w, https:\/\/laovalue.com\/wp-content\/uploads\/2024\/10\/49674077_1126765234164219_2567219982815461376_n-150x150.jpg 150w, https:\/\/laovalue.com\/wp-content\/uploads\/2024\/10\/49674077_1126765234164219_2567219982815461376_n-85x85.jpg 85w, https:\/\/laovalue.com\/wp-content\/uploads\/2024\/10\/49674077_1126765234164219_2567219982815461376_n-460x460.jpg 460w, https:\/\/laovalue.com\/wp-content\/uploads\/2024\/10\/49674077_1126765234164219_2567219982815461376_n.jpg 720w\" sizes=\"(max-width: 300px) 100vw, 300px\" \/><\/a>\n\t\t\t<\/div>\n\t\t\t\t<figcaption class='wp-caption-text gallery-caption' id='gallery-1-6901'>\n\t\t\t\t#image_title\n\t\t\t\t<\/figcaption><\/figure><figure class='gallery-item'>\n\t\t\t<div class='gallery-icon landscape'>\n\t\t\t\t<a href='https:\/\/laovalue.com\/wp-content\/uploads\/2024\/10\/vietinbank.png'><img loading=\"lazy\" decoding=\"async\" width=\"300\" height=\"169\" src=\"https:\/\/laovalue.com\/wp-content\/uploads\/2024\/10\/vietinbank-300x169.png\" class=\"attachment-medium size-medium\" alt=\"\" aria-describedby=\"gallery-1-6896\" srcset=\"https:\/\/laovalue.com\/wp-content\/uploads\/2024\/10\/vietinbank-300x169.png 300w, https:\/\/laovalue.com\/wp-content\/uploads\/2024\/10\/vietinbank-391x220.png 391w, https:\/\/laovalue.com\/wp-content\/uploads\/2024\/10\/vietinbank-595x337.png 595w, https:\/\/laovalue.com\/wp-content\/uploads\/2024\/10\/vietinbank.png 600w\" sizes=\"(max-width: 300px) 100vw, 300px\" \/><\/a>\n\t\t\t<\/div>\n\t\t\t\t<figcaption class='wp-caption-text gallery-caption' id='gallery-1-6896'>\n\t\t\t\t#image_title\n\t\t\t\t<\/figcaption><\/figure><figure class='gallery-item'>\n\t\t\t<div class='gallery-icon landscape'>\n\t\t\t\t<a href='https:\/\/laovalue.com\/wp-content\/uploads\/2024\/10\/Untitled-1.png'><img loading=\"lazy\" decoding=\"async\" width=\"300\" height=\"169\" src=\"https:\/\/laovalue.com\/wp-content\/uploads\/2024\/10\/Untitled-1-300x169.png\" class=\"attachment-medium size-medium\" alt=\"\" aria-describedby=\"gallery-1-6891\" srcset=\"https:\/\/laovalue.com\/wp-content\/uploads\/2024\/10\/Untitled-1-300x169.png 300w, https:\/\/laovalue.com\/wp-content\/uploads\/2024\/10\/Untitled-1-391x220.png 391w, https:\/\/laovalue.com\/wp-content\/uploads\/2024\/10\/Untitled-1-595x337.png 595w, https:\/\/laovalue.com\/wp-content\/uploads\/2024\/10\/Untitled-1.png 600w\" sizes=\"(max-width: 300px) 100vw, 300px\" \/><\/a>\n\t\t\t<\/div>\n\t\t\t\t<figcaption class='wp-caption-text gallery-caption' id='gallery-1-6891'>\n\t\t\t\t#image_title\n\t\t\t\t<\/figcaption><\/figure><figure class='gallery-item'>\n\t\t\t<div class='gallery-icon landscape'>\n\t\t\t\t<a href='https:\/\/laovalue.com\/wp-content\/uploads\/2024\/10\/stbank.png'><img loading=\"lazy\" decoding=\"async\" width=\"300\" height=\"169\" src=\"https:\/\/laovalue.com\/wp-content\/uploads\/2024\/10\/stbank-300x169.png\" class=\"attachment-medium size-medium\" alt=\"\" aria-describedby=\"gallery-1-6886\" srcset=\"https:\/\/laovalue.com\/wp-content\/uploads\/2024\/10\/stbank-300x169.png 300w, https:\/\/laovalue.com\/wp-content\/uploads\/2024\/10\/stbank-391x220.png 391w, https:\/\/laovalue.com\/wp-content\/uploads\/2024\/10\/stbank-595x337.png 595w, https:\/\/laovalue.com\/wp-content\/uploads\/2024\/10\/stbank.png 600w\" sizes=\"(max-width: 300px) 100vw, 300px\" \/><\/a>\n\t\t\t<\/div>\n\t\t\t\t<figcaption class='wp-caption-text gallery-caption' id='gallery-1-6886'>\n\t\t\t\t#image_title\n\t\t\t\t<\/figcaption><\/figure><figure class='gallery-item'>\n\t\t\t<div class='gallery-icon landscape'>\n\t\t\t\t<a href='https:\/\/laovalue.com\/wp-content\/uploads\/2024\/10\/publicbank.png'><img loading=\"lazy\" decoding=\"async\" width=\"300\" height=\"169\" src=\"https:\/\/laovalue.com\/wp-content\/uploads\/2024\/10\/publicbank-300x169.png\" class=\"attachment-medium size-medium\" alt=\"\" aria-describedby=\"gallery-1-6881\" srcset=\"https:\/\/laovalue.com\/wp-content\/uploads\/2024\/10\/publicbank-300x169.png 300w, https:\/\/laovalue.com\/wp-content\/uploads\/2024\/10\/publicbank-391x220.png 391w, https:\/\/laovalue.com\/wp-content\/uploads\/2024\/10\/publicbank-595x337.png 595w, https:\/\/laovalue.com\/wp-content\/uploads\/2024\/10\/publicbank.png 600w\" sizes=\"(max-width: 300px) 100vw, 300px\" \/><\/a>\n\t\t\t<\/div>\n\t\t\t\t<figcaption class='wp-caption-text gallery-caption' id='gallery-1-6881'>\n\t\t\t\t#image_title\n\t\t\t\t<\/figcaption><\/figure><figure class='gallery-item'>\n\t\t\t<div class='gallery-icon landscape'>\n\t\t\t\t<a href='https:\/\/laovalue.com\/wp-content\/uploads\/2024\/10\/maybank.png'><img loading=\"lazy\" decoding=\"async\" width=\"300\" height=\"169\" src=\"https:\/\/laovalue.com\/wp-content\/uploads\/2024\/10\/maybank-300x169.png\" class=\"attachment-medium size-medium\" alt=\"\" aria-describedby=\"gallery-1-6876\" srcset=\"https:\/\/laovalue.com\/wp-content\/uploads\/2024\/10\/maybank-300x169.png 300w, https:\/\/laovalue.com\/wp-content\/uploads\/2024\/10\/maybank-391x220.png 391w, https:\/\/laovalue.com\/wp-content\/uploads\/2024\/10\/maybank-595x337.png 595w, https:\/\/laovalue.com\/wp-content\/uploads\/2024\/10\/maybank.png 600w\" sizes=\"(max-width: 300px) 100vw, 300px\" \/><\/a>\n\t\t\t<\/div>\n\t\t\t\t<figcaption class='wp-caption-text gallery-caption' id='gallery-1-6876'>\n\t\t\t\t#image_title\n\t\t\t\t<\/figcaption><\/figure><figure class='gallery-item'>\n\t\t\t<div class='gallery-icon landscape'>\n\t\t\t\t<a href='https:\/\/laovalue.com\/wp-content\/uploads\/2024\/10\/booyoungbank.png'><img loading=\"lazy\" decoding=\"async\" width=\"300\" height=\"169\" src=\"https:\/\/laovalue.com\/wp-content\/uploads\/2024\/10\/booyoungbank-300x169.png\" class=\"attachment-medium size-medium\" alt=\"\" aria-describedby=\"gallery-1-6871\" srcset=\"https:\/\/laovalue.com\/wp-content\/uploads\/2024\/10\/booyoungbank-300x169.png 300w, https:\/\/laovalue.com\/wp-content\/uploads\/2024\/10\/booyoungbank-391x220.png 391w, https:\/\/laovalue.com\/wp-content\/uploads\/2024\/10\/booyoungbank-595x337.png 595w, https:\/\/laovalue.com\/wp-content\/uploads\/2024\/10\/booyoungbank.png 600w\" sizes=\"(max-width: 300px) 100vw, 300px\" \/><\/a>\n\t\t\t<\/div>\n\t\t\t\t<figcaption class='wp-caption-text gallery-caption' id='gallery-1-6871'>\n\t\t\t\t#image_title\n\t\t\t\t<\/figcaption><\/figure><figure class='gallery-item'>\n\t\t\t<div class='gallery-icon landscape'>\n\t\t\t\t<a href='https:\/\/laovalue.com\/wp-content\/uploads\/2024\/10\/apb.png'><img loading=\"lazy\" decoding=\"async\" width=\"300\" height=\"169\" src=\"https:\/\/laovalue.com\/wp-content\/uploads\/2024\/10\/apb-300x169.png\" class=\"attachment-medium size-medium\" alt=\"\" aria-describedby=\"gallery-1-6856\" srcset=\"https:\/\/laovalue.com\/wp-content\/uploads\/2024\/10\/apb-300x169.png 300w, https:\/\/laovalue.com\/wp-content\/uploads\/2024\/10\/apb-391x220.png 391w, https:\/\/laovalue.com\/wp-content\/uploads\/2024\/10\/apb-595x337.png 595w, https:\/\/laovalue.com\/wp-content\/uploads\/2024\/10\/apb.png 600w\" sizes=\"(max-width: 300px) 100vw, 300px\" \/><\/a>\n\t\t\t<\/div>\n\t\t\t\t<figcaption class='wp-caption-text gallery-caption' id='gallery-1-6856'>\n\t\t\t\t#image_title\n\t\t\t\t<\/figcaption><\/figure><figure class='gallery-item'>\n\t\t\t<div class='gallery-icon landscape'>\n\t\t\t\t<a href='https:\/\/laovalue.com\/wp-content\/uploads\/2024\/10\/bankofchina.png'><img loading=\"lazy\" decoding=\"async\" width=\"300\" height=\"169\" src=\"https:\/\/laovalue.com\/wp-content\/uploads\/2024\/10\/bankofchina-300x169.png\" class=\"attachment-medium size-medium\" alt=\"\" aria-describedby=\"gallery-1-6861\" srcset=\"https:\/\/laovalue.com\/wp-content\/uploads\/2024\/10\/bankofchina-300x169.png 300w, https:\/\/laovalue.com\/wp-content\/uploads\/2024\/10\/bankofchina-391x220.png 391w, https:\/\/laovalue.com\/wp-content\/uploads\/2024\/10\/bankofchina-595x337.png 595w, https:\/\/laovalue.com\/wp-content\/uploads\/2024\/10\/bankofchina.png 600w\" sizes=\"(max-width: 300px) 100vw, 300px\" \/><\/a>\n\t\t\t<\/div>\n\t\t\t\t<figcaption class='wp-caption-text gallery-caption' id='gallery-1-6861'>\n\t\t\t\t#image_title\n\t\t\t\t<\/figcaption><\/figure><figure class='gallery-item'>\n\t\t\t<div class='gallery-icon landscape'>\n\t\t\t\t<a href='https:\/\/laovalue.com\/wp-content\/uploads\/2024\/10\/bcel.png'><img loading=\"lazy\" decoding=\"async\" width=\"300\" height=\"169\" src=\"https:\/\/laovalue.com\/wp-content\/uploads\/2024\/10\/bcel-300x169.png\" class=\"attachment-medium size-medium\" alt=\"\" aria-describedby=\"gallery-1-6866\" srcset=\"https:\/\/laovalue.com\/wp-content\/uploads\/2024\/10\/bcel-300x169.png 300w, https:\/\/laovalue.com\/wp-content\/uploads\/2024\/10\/bcel-391x220.png 391w, https:\/\/laovalue.com\/wp-content\/uploads\/2024\/10\/bcel-595x337.png 595w, https:\/\/laovalue.com\/wp-content\/uploads\/2024\/10\/bcel.png 600w\" sizes=\"(max-width: 300px) 100vw, 300px\" \/><\/a>\n\t\t\t<\/div>\n\t\t\t\t<figcaption class='wp-caption-text gallery-caption' id='gallery-1-6866'>\n\t\t\t\t#image_title\n\t\t\t\t<\/figcaption><\/figure>\n\t\t<\/div>\n\n","protected":false},"excerpt":{"rendered":"<p>M\u1ed9t s\u1ed1 \u0111\u1ed1i t\u00e1c ng\u00e2n h\u00e0ng chi\u1ebfn l\u01b0\u1ee3c m\u00e0 ch\u00fang t\u00f4i c\u00f3 m\u1eb7t trong h\u1ed9i \u0111\u1ed3ng \u0111\u1ecbnh gi\u00e1 v\u00e0 \u0111\u1ecbnh gi\u00e1 theo y\u00eau c\u1ea7u<\/p>\n","protected":false},"author":1,"featured_media":0,"parent":0,"menu_order":0,"comment_status":"closed","ping_status":"closed","template":"","meta":{"_monsterinsights_skip_tracking":false,"_monsterinsights_sitenote_active":false,"_monsterinsights_sitenote_note":"","_monsterinsights_sitenote_category":0,"ngg_post_thumbnail":0,"footnotes":""},"class_list":["post-10305","page","type-page","status-publish","hentry","page--item"],"aioseo_notices":[],"_links":{"self":[{"href":"https:\/\/laovalue.com\/vi\/wp-json\/wp\/v2\/pages\/10305","targetHints":{"allow":["GET"]}}],"collection":[{"href":"https:\/\/laovalue.com\/vi\/wp-json\/wp\/v2\/pages"}],"about":[{"href":"https:\/\/laovalue.com\/vi\/wp-json\/wp\/v2\/types\/page"}],"author":[{"embeddable":true,"href":"https:\/\/laovalue.com\/vi\/wp-json\/wp\/v2\/users\/1"}],"replies":[{"embeddable":true,"href":"https:\/\/laovalue.com\/vi\/wp-json\/wp\/v2\/comments?post=10305"}],"version-history":[{"count":2,"href":"https:\/\/laovalue.com\/vi\/wp-json\/wp\/v2\/pages\/10305\/revisions"}],"predecessor-version":[{"id":11041,"href":"https:\/\/laovalue.com\/vi\/wp-json\/wp\/v2\/pages\/10305\/revisions\/11041"}],"wp:attachment":[{"href":"https:\/\/laovalue.com\/vi\/wp-json\/wp\/v2\/media?parent=10305"}],"curies":[{"name":"wp","href":"https:\/\/api.w.org\/{rel}","templated":true}]}}