{"id":12303,"date":"2024-10-28T09:54:02","date_gmt":"2024-10-28T09:54:02","guid":{"rendered":"https:\/\/laovalue.com\/team-dr-sopon-pornchokchai\/"},"modified":"2025-02-26T19:41:46","modified_gmt":"2025-02-26T19:41:46","slug":"team-dr-sopon-pornchokchai","status":"publish","type":"page","link":"https:\/\/laovalue.com\/vi\/team-dr-sopon-pornchokchai\/","title":{"rendered":"\u0110\u1ed9i Lao Value-B\u1ed1c th\u0103m Sapon Pornchakchai"},"content":{"rendered":"\t\t<div data-elementor-type=\"wp-page\" data-elementor-id=\"12303\" class=\"elementor elementor-12303 elementor-5362\" data-elementor-post-type=\"page\">\n\t\t\t\t<div class=\"elementor-element elementor-element-39e31a08 e-flex e-con-boxed e-con e-parent\" data-id=\"39e31a08\" data-element_type=\"container\" data-e-type=\"container\">\n\t\t\t\t\t<div class=\"e-con-inner\">\n\t\t\t\t<div class=\"elementor-element elementor-element-74bbab3 elementor-shape-rounded uael-member-image-pos-above uael-shape-square uael-team-member-align-center elementor-widget elementor-widget-uael-team-member\" data-id=\"74bbab3\" data-element_type=\"widget\" data-e-type=\"widget\" data-widget_type=\"uael-team-member.default\">\n\t\t\t\t<div class=\"elementor-widget-container\">\n\t\t\t\t\t\t\t<div class=\"uael-team-member\">\n\t\t\t<div class = \"uael-team-member-wrap\" >\n\t\t\t\t<div class=\"uael-member-wrap\" >\n\t\t\t\t\t\t\t\t\t\t\t\t<div class=\"uael-team-member-image\">\n\t\t\t\t\t\t\t<div class=elementor-animation-><img fetchpriority=\"high\" decoding=\"async\" width=\"262\" height=\"300\" src=\"https:\/\/laovalue.com\/wp-content\/uploads\/2024\/10\/sopon-262x300.jpg\" class=\"attachment-medium size-medium wp-image-5689\" alt=\"\" title=\"sopon Lao Value Property Valuation\" srcset=\"https:\/\/laovalue.com\/wp-content\/uploads\/2024\/10\/sopon-262x300.jpg 262w, https:\/\/laovalue.com\/wp-content\/uploads\/2024\/10\/sopon.jpg 287w\" sizes=\"(max-width: 262px) 100vw, 262px\" \/><\/div>\t\t\t\t\t\t\t<\/div>\n\t\t\t\t\t\t\t\t\t\t\t\t\t\t\t<div class=\"uael-team-member-content\">\n\t\t\t\t\t\t\t\t\t\t\t<div class=\"uael-team-member-name\">\n\t\t\t\t\t\t<h3 class=\"uael-team-name\">Dr. Sopon Pornchokchai<\/h3>\t\t\t\t\t\t<\/div>\n\t\t\t\t\t\t\t\t\t\t\t\t\t\t\t\t\t\t\t\t\t\t\t\t\t\t\t<div class=\"uael-team-member-designation\">\n\t\t\t\t\t\t\t<div class=\"uael-team-desig\">Ti\u1ebfn s\u0129 D.FIABCI CRS MRICS Gi\u00e1m \u0111\u1ed1c, Tr\u01b0\u1eddng Kinh doanh B\u1ea5t \u0111\u1ed9ng s\u1ea3n Th\u00e1i Lan\t\t\t\t\t\t\t<\/div>\n\t\t\t\t\t\t<\/div>\n\t\t\t\t\t\t\t\t\t\t\t\t<div class=\"uael-separator-wrapper\">\n\t\t\t<span class=\"uael-separator\"><\/span>\n\t\t<\/div>\n\t\t\t\t\t\t\t\t\t\t\t\t\t\t\t\t\t\t\t<div class=\"uael-team-member-desc\">\n\t\t\t\t\t\t\t<div class=\"uael-team-desc\">Dr.Soponc\u00f3 kinh nghi\u1ec7m trong nghi\u00ean c\u1ee9u v\u00e0 \u0111\u1ecbnh gi\u00e1 b\u1ea5t \u0111\u1ed9ng s\u1ea3n t\u1eeb n\u0103m 1982. \u00d4ng gi\u1ea3ng d\u1ea1y cho c\u00e1c chuy\u00ean gia \u0111\u1ecbnh gi\u00e1, m\u00f4i gi\u1edbi, nh\u00e0 ph\u00e1t tri\u1ec3n, nh\u00e0 t\u00e0i ch\u00ednh, nh\u00e0 quy ho\u1ea1ch v\u00e0 c\u1ed1 v\u1ea5n \u1edf b\u1eadc \u0111\u1ea1i h\u1ecdc v\u00e0 sau \u0111\u1ea1i h\u1ecdc t\u1ea1i Th\u00e1i Lan v\u00e0 n\u01b0\u1edbc ngo\u00e0i. \u00d4ng \u0111\u00e3 l\u1ea5y b\u1eb1ng Ti\u1ebfn s\u0129 v\u1ec1 \u0111\u1ea5t \u0111ai v\u00e0 nh\u00e0 \u1edf t\u1eeb AIT v\u00e0 \u0111\u01b0\u1ee3c \u0111\u00e0o t\u1ea1o th\u00eam v\u1ec1 \u0111\u1ecbnh gi\u00e1 b\u1ea5t \u0111\u1ed9ng s\u1ea3n t\u1eeb Vi\u1ec7n Ch\u00ednh s\u00e1ch \u0110\u1ea5t \u0111ai v\u00e0 nh\u00e0 \u1edf LRTI-Lincoln c\u1ee7a KU Leuven (B\u1ec9).\n\nHi\u1ec7n t\u1ea1i, Ti\u1ebfn s\u0129 Sopon l\u00e0 Ch\u1ee7 t\u1ecbch c\u1ee7a FIABCI Thai, Qu\u1ef9 \u0110\u1ecbnh gi\u00e1 v\u00e0 \u0110\u1ea1i l\u00fd B\u1ea5t \u0111\u1ed9ng s\u1ea3n Th\u00e1i Lan v\u00e0 C\u01a1 quan B\u1ea5t \u0111\u1ed9ng s\u1ea3n, \u0111\u1ea1i di\u1ec7n IAAO t\u1ea1i Th\u00e1i Lan, Gi\u00e1m \u0111\u1ed1c Tr\u01b0\u1eddng Kinh doanh B\u1ea5t \u0111\u1ed9ng s\u1ea3n Th\u00e1i Lan v\u00e0 l\u00e0 th\u00e0nh vi\u00ean c\u1ee7a Di\u1ec5n \u0111\u00e0n \u0110\u1ecbnh gi\u00e1 To\u00e0n c\u1ea7u c\u1ee7a Qu\u1ef9 \u0110\u1ecbnh gi\u00e1 (Hoa K\u1ef3).\n\nC\u00e1c ki\u1ec7t t\u00e1c nghi\u00ean c\u1ee9u c\u1ee7a \u00f4ng bao g\u1ed3m ph\u00e1t hi\u1ec7n 1.020 khu \u1ed5 chu\u1ed9t (n\u0103m 1985), m\u00f4 h\u00ecnh CAMA (\u0111\u00e1nh gi\u00e1 h\u00e0ng lo\u1ea1t h\u1ed7 tr\u1ee3 m\u00e1y t\u00ednh) (n\u0103m 1990), d\u1ef1 b\u00e1o 300.000 \u0111\u01a1n v\u1ecb nh\u00e0 \u1edf b\u1ecf tr\u1ed1ng (n\u0103m 1995 v\u00e0 1998), nghi\u00ean c\u1ee9u cho trung t\u00e2m th\u00f4ng tin b\u1ea5t \u0111\u1ed9ng s\u1ea3n (n\u0103m 2000), l\u1ed9 tr\u00ecnh \u0111\u1ecbnh gi\u00e1, B\u1ed9 T\u00e0i ch\u00ednh, Vi\u1ec7t Nam (n\u0103m 2006), B\u1ed9 T\u00e0i ch\u00ednh, Indonesia (n\u0103m 2008), Ng\u00e2n h\u00e0ng Th\u1ebf gi\u1edbi Indonesia (n\u0103m 2010), B\u1ed9 T\u00e0i ch\u00ednh, Campuchia (n\u0103m 2012), UN World Cities (n\u0103m 2015), ASEAN Property Surveys (n\u0103m 2017), Global Municipal (n\u0103m 2017), Di d\u1eddi V\u01b0\u1eddn th\u00fa Bangkok (n\u0103m 2019), \u0110\u00e1nh gi\u00e1 28 \u0111\u1eadp t\u1ea1i L\u00e0o (n\u0103m 2024).<\/div>\n\t\t\t\t\t\t<\/div>\n\t\t\t\t\t\t\t\t\t\t\t\t\t\t\t\t\t\t\t\t\t<div class=\"elementor-social-icons-wrapper\">\n\t\t\t\t\t\t\t<div class=\"uael-team-social-icon\">\n\t\t\t\t\t\t\t\t\t\t\t\t\t\t\t\t<a class=\"elementor-icon elementor-social-icon elementor-social-icon-facebook elementor-animation- elementor-repeater-item-8cd7eff\" target=\"_blank\">\n\t\t\t\t\t\t\t\t\t\t<span class=\"elementor-screen-only\">Facebook<\/span>\n\t\t\t\t\t\t\t\t\t\t<svg class=\"e-font-icon-svg e-fab-facebook\" viewBox=\"0 0 512 512\" xmlns=\"http:\/\/www.w3.org\/2000\/svg\"><path d=\"M504 256C504 119 393 8 256 8S8 119 8 256c0 123.78 90.69 226.38 209.25 245V327.69h-63V256h63v-54.64c0-62.15 37-96.48 93.67-96.48 27.14 0 55.52 4.84 55.52 4.84v61h-31.28c-30.8 0-40.41 19.12-40.41 38.73V256h68.78l-11 71.69h-57.78V501C413.31 482.38 504 379.78 504 256z\"><\/path><\/svg>\t\t\t\t\t\t\t\t\t<\/a>\n\t\t\t\t\t\t\t\t\t\t\t\t\t\t\t\t\t\t\t\t\t\t\t\t\t<a class=\"elementor-icon elementor-social-icon elementor-social-icon-x-twitter elementor-animation- elementor-repeater-item-b3ba791\" target=\"_blank\">\n\t\t\t\t\t\t\t\t\t\t<span class=\"elementor-screen-only\">X-twitter<\/span>\n\t\t\t\t\t\t\t\t\t\t<svg class=\"e-font-icon-svg e-fab-x-twitter\" viewBox=\"0 0 512 512\" xmlns=\"http:\/\/www.w3.org\/2000\/svg\"><path d=\"M389.2 48h70.6L305.6 224.2 487 464H345L233.7 318.6 106.5 464H35.8L200.7 275.5 26.8 48H172.4L272.9 180.9 389.2 48zM364.4 421.8h39.1L151.1 88h-42L364.4 421.8z\"><\/path><\/svg>\t\t\t\t\t\t\t\t\t<\/a>\n\t\t\t\t\t\t\t\t\t\t\t\t\t\t\t\t\t\t\t\t\t\t\t\t\t<a class=\"elementor-icon elementor-social-icon elementor-social-icon-google-plus elementor-animation- elementor-repeater-item-240fcfa\" target=\"_blank\">\n\t\t\t\t\t\t\t\t\t\t<span class=\"elementor-screen-only\">Google-plus<\/span>\n\t\t\t\t\t\t\t\t\t\t<svg class=\"e-font-icon-svg e-fab-google-plus\" viewBox=\"0 0 512 512\" xmlns=\"http:\/\/www.w3.org\/2000\/svg\"><path d=\"M256,8C119.1,8,8,119.1,8,256S119.1,504,256,504,504,392.9,504,256,392.9,8,256,8ZM185.3,380a124,124,0,0,1,0-248c31.3,0,60.1,11,83,32.3l-33.6,32.6c-13.2-12.9-31.3-19.1-49.4-19.1-42.9,0-77.2,35.5-77.2,78.1S142.3,334,185.3,334c32.6,0,64.9-19.1,70.1-53.3H185.3V238.1H302.2a109.2,109.2,0,0,1,1.9,20.7c0,70.8-47.5,121.2-118.8,121.2ZM415.5,273.8v35.5H380V273.8H344.5V238.3H380V202.8h35.5v35.5h35.2v35.5Z\"><\/path><\/svg>\t\t\t\t\t\t\t\t\t<\/a>\n\t\t\t\t\t\t\t\t\t\t\t\t\t\t\t\t\t\t\t\t\t\t\t<\/div>\n\t\t\t\t\t\t<\/div>\n\t\t\t\t\t\t\t\t\t<\/div>\n\t\t\t<\/div>\n\t\t<\/div>\n\t<\/div>\n\t\t\t\t\t\t<\/div>\n\t\t\t\t<\/div>\n\t\t\t\t\t<\/div>\n\t\t\t\t<\/div>\n\t\t\t\t<\/div>\n\t\t","protected":false},"excerpt":{"rendered":"<p>Dr. Sopon Pornchokchai Ti\u1ebfn s\u0129 D.FIABCI CRS MRICS Gi\u00e1m \u0111\u1ed1c, Tr\u01b0\u1eddng Kinh doanh B\u1ea5t \u0111\u1ed9ng s\u1ea3n Th\u00e1i Lan Dr.Soponc\u00f3 kinh nghi\u1ec7m trong nghi\u00ean c\u1ee9u v\u00e0 \u0111\u1ecbnh gi\u00e1 b\u1ea5t \u0111\u1ed9ng s\u1ea3n t\u1eeb n\u0103m 1982. \u00d4ng gi\u1ea3ng d\u1ea1y cho c\u00e1c chuy\u00ean gia \u0111\u1ecbnh gi\u00e1, m\u00f4i gi\u1edbi, nh\u00e0 ph\u00e1t tri\u1ec3n, nh\u00e0 t\u00e0i ch\u00ednh, nh\u00e0 quy ho\u1ea1ch v\u00e0 c\u1ed1&#8230;<\/p>\n","protected":false},"author":1,"featured_media":0,"parent":0,"menu_order":0,"comment_status":"closed","ping_status":"closed","template":"","meta":{"_monsterinsights_skip_tracking":false,"_monsterinsights_sitenote_active":false,"_monsterinsights_sitenote_note":"","_monsterinsights_sitenote_category":0,"ngg_post_thumbnail":0,"footnotes":""},"class_list":["post-12303","page","type-page","status-publish","hentry"],"aioseo_notices":[],"_links":{"self":[{"href":"https:\/\/laovalue.com\/vi\/wp-json\/wp\/v2\/pages\/12303","targetHints":{"allow":["GET"]}}],"collection":[{"href":"https:\/\/laovalue.com\/vi\/wp-json\/wp\/v2\/pages"}],"about":[{"href":"https:\/\/laovalue.com\/vi\/wp-json\/wp\/v2\/types\/page"}],"author":[{"embeddable":true,"href":"https:\/\/laovalue.com\/vi\/wp-json\/wp\/v2\/users\/1"}],"replies":[{"embeddable":true,"href":"https:\/\/laovalue.com\/vi\/wp-json\/wp\/v2\/comments?post=12303"}],"version-history":[{"count":4,"href":"https:\/\/laovalue.com\/vi\/wp-json\/wp\/v2\/pages\/12303\/revisions"}],"predecessor-version":[{"id":12329,"href":"https:\/\/laovalue.com\/vi\/wp-json\/wp\/v2\/pages\/12303\/revisions\/12329"}],"wp:attachment":[{"href":"https:\/\/laovalue.com\/vi\/wp-json\/wp\/v2\/media?parent=12303"}],"curies":[{"name":"wp","href":"https:\/\/api.w.org\/{rel}","templated":true}]}}