{"id":12388,"date":"2024-10-29T04:27:45","date_gmt":"2024-10-29T04:27:45","guid":{"rendered":"https:\/\/laovalue.com\/lao-value-team-mr-saysomphone-chanthalangsy\/"},"modified":"2025-02-27T04:20:57","modified_gmt":"2025-02-27T04:20:57","slug":"lao-value-team-mr-saysomphone-chanthalangsy","status":"publish","type":"page","link":"https:\/\/laovalue.com\/vi\/lao-value-team-mr-saysomphone-chanthalangsy\/","title":{"rendered":"Lao Value Team &#8211; Mr Saysomphone Chanthalangsy"},"content":{"rendered":"\t\t<div data-elementor-type=\"wp-page\" data-elementor-id=\"12388\" class=\"elementor elementor-12388 elementor-5556\" data-elementor-post-type=\"page\">\n\t\t\t\t<div class=\"elementor-element elementor-element-5f65b3c e-flex e-con-boxed e-con e-parent\" data-id=\"5f65b3c\" data-element_type=\"container\" data-e-type=\"container\">\n\t\t\t\t\t<div class=\"e-con-inner\">\n\t\t\t\t<div class=\"elementor-element elementor-element-be5e9ef elementor-shape-rounded uael-member-image-pos-above uael-shape-square uael-team-member-align-center elementor-widget elementor-widget-uael-team-member\" data-id=\"be5e9ef\" data-element_type=\"widget\" data-e-type=\"widget\" data-widget_type=\"uael-team-member.default\">\n\t\t\t\t<div class=\"elementor-widget-container\">\n\t\t\t\t\t\t\t<div class=\"uael-team-member\">\n\t\t\t<div class = \"uael-team-member-wrap\" >\n\t\t\t\t<div class=\"uael-member-wrap\" >\n\t\t\t\t\t\t\t\t\t\t\t\t<div class=\"uael-team-member-image\">\n\t\t\t\t\t\t\t<div class=elementor-animation-><img decoding=\"async\" width=\"147\" height=\"199\" src=\"https:\/\/laovalue.com\/wp-content\/uploads\/2024\/10\/Picture1.png\" class=\"attachment-medium size-medium wp-image-5644\" alt=\"\" title=\"Picture1 Lao Value Property Valuation\" \/><\/div>\t\t\t\t\t\t\t<\/div>\n\t\t\t\t\t\t\t\t\t\t\t\t\t\t\t<div class=\"uael-team-member-content\">\n\t\t\t\t\t\t\t\t\t\t\t<div class=\"uael-team-member-name\">\n\t\t\t\t\t\t<h3 class=\"uael-team-name\">Mr Saysomphone Chanthalangsy<\/h3>\t\t\t\t\t\t<\/div>\n\t\t\t\t\t\t\t\t\t\t\t\t\t\t\t\t\t\t\t\t\t\t\t\t\t\t\t<div class=\"uael-team-member-designation\">\n\t\t\t\t\t\t\t<div class=\"uael-team-desig\">Tr\u1ee3 l\u00fd v\u0103n ph\u00f2ng\t\t\t\t\t\t\t<\/div>\n\t\t\t\t\t\t<\/div>\n\t\t\t\t\t\t\t\t\t\t\t\t<div class=\"uael-separator-wrapper\">\n\t\t\t<span class=\"uael-separator\"><\/span>\n\t\t<\/div>\n\t\t\t\t\t\t\t\t\t\t\t\t\t\t\t\t\t\t\t<div class=\"uael-team-member-desc\">\n\t\t\t\t\t\t\t<div class=\"uael-team-desc\">Mr. Saysomphone Chanthalangsy, Tr\u1ee3 l\u00fd h\u00e0nh ch\u00ednh\nT\u1ed1t nghi\u1ec7p C\u1eed nh\u00e2n K\u1ef9 thu\u1eadt. Tr\u01b0\u1edbc \u0111\u00e2y l\u00e0m vi\u1ec7c t\u1ea1i The pizza company, EMI leasing, Lao Asean leasing public company\nTr\u01b0\u1edbc \u0111\u00e2y l\u00e0m vi\u1ec7c t\u1ea1i Pharmaceutical Factory No. 3 n\u0103m 2024-Hi\u1ec7n t\u1ea1i l\u00e0m vi\u1ec7c t\u1ea1i Lao Value Asset Valuation Company<\/div>\n\t\t\t\t\t\t<\/div>\n\t\t\t\t\t\t\t\t\t\t\t\t\t\t\t\t\t\t\t\t\t<div class=\"elementor-social-icons-wrapper\">\n\t\t\t\t\t\t\t<div class=\"uael-team-social-icon\">\n\t\t\t\t\t\t\t\t\t\t\t\t\t\t\t\t<a class=\"elementor-icon elementor-social-icon elementor-social-icon-facebook elementor-animation- elementor-repeater-item-af3f9ad\" target=\"_blank\">\n\t\t\t\t\t\t\t\t\t\t<span class=\"elementor-screen-only\">Facebook<\/span>\n\t\t\t\t\t\t\t\t\t\t<svg class=\"e-font-icon-svg e-fab-facebook\" viewBox=\"0 0 512 512\" xmlns=\"http:\/\/www.w3.org\/2000\/svg\"><path d=\"M504 256C504 119 393 8 256 8S8 119 8 256c0 123.78 90.69 226.38 209.25 245V327.69h-63V256h63v-54.64c0-62.15 37-96.48 93.67-96.48 27.14 0 55.52 4.84 55.52 4.84v61h-31.28c-30.8 0-40.41 19.12-40.41 38.73V256h68.78l-11 71.69h-57.78V501C413.31 482.38 504 379.78 504 256z\"><\/path><\/svg>\t\t\t\t\t\t\t\t\t<\/a>\n\t\t\t\t\t\t\t\t\t\t\t\t\t\t\t\t\t\t\t\t\t\t\t\t\t<a class=\"elementor-icon elementor-social-icon elementor-social-icon-x-twitter elementor-animation- elementor-repeater-item-786f1db\" target=\"_blank\">\n\t\t\t\t\t\t\t\t\t\t<span class=\"elementor-screen-only\">X-twitter<\/span>\n\t\t\t\t\t\t\t\t\t\t<svg class=\"e-font-icon-svg e-fab-x-twitter\" viewBox=\"0 0 512 512\" xmlns=\"http:\/\/www.w3.org\/2000\/svg\"><path d=\"M389.2 48h70.6L305.6 224.2 487 464H345L233.7 318.6 106.5 464H35.8L200.7 275.5 26.8 48H172.4L272.9 180.9 389.2 48zM364.4 421.8h39.1L151.1 88h-42L364.4 421.8z\"><\/path><\/svg>\t\t\t\t\t\t\t\t\t<\/a>\n\t\t\t\t\t\t\t\t\t\t\t\t\t\t\t\t\t\t\t\t\t\t\t\t\t<a class=\"elementor-icon elementor-social-icon elementor-social-icon-google-plus elementor-animation- elementor-repeater-item-5d323cc\" target=\"_blank\">\n\t\t\t\t\t\t\t\t\t\t<span class=\"elementor-screen-only\">Google-plus<\/span>\n\t\t\t\t\t\t\t\t\t\t<svg class=\"e-font-icon-svg e-fab-google-plus\" viewBox=\"0 0 512 512\" xmlns=\"http:\/\/www.w3.org\/2000\/svg\"><path d=\"M256,8C119.1,8,8,119.1,8,256S119.1,504,256,504,504,392.9,504,256,392.9,8,256,8ZM185.3,380a124,124,0,0,1,0-248c31.3,0,60.1,11,83,32.3l-33.6,32.6c-13.2-12.9-31.3-19.1-49.4-19.1-42.9,0-77.2,35.5-77.2,78.1S142.3,334,185.3,334c32.6,0,64.9-19.1,70.1-53.3H185.3V238.1H302.2a109.2,109.2,0,0,1,1.9,20.7c0,70.8-47.5,121.2-118.8,121.2ZM415.5,273.8v35.5H380V273.8H344.5V238.3H380V202.8h35.5v35.5h35.2v35.5Z\"><\/path><\/svg>\t\t\t\t\t\t\t\t\t<\/a>\n\t\t\t\t\t\t\t\t\t\t\t\t\t\t\t\t\t\t\t\t\t\t\t<\/div>\n\t\t\t\t\t\t<\/div>\n\t\t\t\t\t\t\t\t\t<\/div>\n\t\t\t<\/div>\n\t\t<\/div>\n\t<\/div>\n\t\t\t\t\t\t<\/div>\n\t\t\t\t<\/div>\n\t\t\t\t\t<\/div>\n\t\t\t\t<\/div>\n\t\t\t\t<\/div>\n\t\t","protected":false},"excerpt":{"rendered":"<p>Mr Saysomphone Chanthalangsy Tr\u1ee3 l\u00fd v\u0103n ph\u00f2ng Mr. Saysomphone Chanthalangsy, Tr\u1ee3 l\u00fd h\u00e0nh ch\u00ednh T\u1ed1t nghi\u1ec7p C\u1eed nh\u00e2n K\u1ef9 thu\u1eadt. Tr\u01b0\u1edbc \u0111\u00e2y l\u00e0m vi\u1ec7c t\u1ea1i The pizza company, EMI leasing, Lao Asean leasing public company Tr\u01b0\u1edbc \u0111\u00e2y l\u00e0m vi\u1ec7c t\u1ea1i Pharmaceutical Factory No. 3 n\u0103m 2024-Hi\u1ec7n t\u1ea1i l\u00e0m vi\u1ec7c t\u1ea1i Lao Value Asset Valuation Company&#8230;<\/p>\n","protected":false},"author":1,"featured_media":0,"parent":0,"menu_order":0,"comment_status":"closed","ping_status":"closed","template":"","meta":{"_monsterinsights_skip_tracking":false,"_monsterinsights_sitenote_active":false,"_monsterinsights_sitenote_note":"","_monsterinsights_sitenote_category":0,"ngg_post_thumbnail":0,"footnotes":""},"class_list":["post-12388","page","type-page","status-publish","hentry"],"aioseo_notices":[],"_links":{"self":[{"href":"https:\/\/laovalue.com\/vi\/wp-json\/wp\/v2\/pages\/12388","targetHints":{"allow":["GET"]}}],"collection":[{"href":"https:\/\/laovalue.com\/vi\/wp-json\/wp\/v2\/pages"}],"about":[{"href":"https:\/\/laovalue.com\/vi\/wp-json\/wp\/v2\/types\/page"}],"author":[{"embeddable":true,"href":"https:\/\/laovalue.com\/vi\/wp-json\/wp\/v2\/users\/1"}],"replies":[{"embeddable":true,"href":"https:\/\/laovalue.com\/vi\/wp-json\/wp\/v2\/comments?post=12388"}],"version-history":[{"count":18,"href":"https:\/\/laovalue.com\/vi\/wp-json\/wp\/v2\/pages\/12388\/revisions"}],"predecessor-version":[{"id":12511,"href":"https:\/\/laovalue.com\/vi\/wp-json\/wp\/v2\/pages\/12388\/revisions\/12511"}],"wp:attachment":[{"href":"https:\/\/laovalue.com\/vi\/wp-json\/wp\/v2\/media?parent=12388"}],"curies":[{"name":"wp","href":"https:\/\/api.w.org\/{rel}","templated":true}]}}