{"id":9759,"date":"2023-10-09T09:33:28","date_gmt":"2023-10-09T09:33:28","guid":{"rendered":"https:\/\/laovalue.com\/services\/"},"modified":"2025-02-12T08:33:14","modified_gmt":"2025-02-12T08:33:14","slug":"services","status":"publish","type":"page","link":"https:\/\/laovalue.com\/vi\/services\/","title":{"rendered":"D\u1ecbch v\u1ee5"},"content":{"rendered":"\t\t<div data-elementor-type=\"wp-page\" data-elementor-id=\"9759\" class=\"elementor elementor-9759 elementor-2836\" data-elementor-post-type=\"page\">\n\t\t\t\t\t\t<section class=\"elementor-section elementor-top-section elementor-element elementor-element-7d31a253 elementor-section-full_width elementor-section-height-default elementor-section-height-default\" data-id=\"7d31a253\" data-element_type=\"section\" data-e-type=\"section\" data-settings=\"{&quot;background_background&quot;:&quot;classic&quot;}\">\n\t\t\t\t\t\t<div class=\"elementor-container elementor-column-gap-no\">\n\t\t\t\t\t<div class=\"elementor-column elementor-col-100 elementor-top-column elementor-element elementor-element-2ec82299\" data-id=\"2ec82299\" data-element_type=\"column\" data-e-type=\"column\">\n\t\t\t<div class=\"elementor-widget-wrap elementor-element-populated\">\n\t\t\t\t\t\t<section class=\"elementor-section elementor-inner-section elementor-element elementor-element-bdc7ed7 elementor-section-boxed elementor-section-height-default elementor-section-height-default\" data-id=\"bdc7ed7\" data-element_type=\"section\" data-e-type=\"section\">\n\t\t\t\t\t\t<div class=\"elementor-container elementor-column-gap-no\">\n\t\t\t\t\t<div class=\"elementor-column elementor-col-100 elementor-inner-column elementor-element elementor-element-27e7670b\" data-id=\"27e7670b\" data-element_type=\"column\" data-e-type=\"column\">\n\t\t\t<div class=\"elementor-widget-wrap elementor-element-populated\">\n\t\t\t\t\r\n\t\t<div class=\"elementor-element elementor-element-416e20fe elementor-widget elementor-widget-drillersectiontitle\" data-id=\"416e20fe\" data-element_type=\"widget\" data-e-type=\"widget\" data-widget_type=\"drillersectiontitle.default\">\n\t\t\t\t<div class=\"elementor-widget-container\">\n\t\t\t\t\t<div class=\"title-area\" ><span class=\"sub-title7 title-selector justify-content-center\"><span class=\"shape left\"><span class=\"dots\"><\/span><\/span><span class=\"box\"><\/span> D\u1ecbch v\u1ee5 c\u1ee7a ch\u00fang t\u00f4i<span class=\"shape right\"><span class=\"dots\"><\/span><\/span><\/span><h2 class=\"sec-title subtitle-selector\">D\u1ecbch v\u1ee5 t\u1ed1t nh\u1ea5t cho b\u1ea1n<\/h2><\/div>\t\t\t\t<\/div>\n\t\t\t\t<\/div>\n\t\t\t\t\t<\/div>\n\t\t<\/div>\n\t\t\t\t\t<\/div>\n\t\t<\/section>\n\t\t\t\t<section class=\"elementor-section elementor-inner-section elementor-element elementor-element-459c56d3 elementor-section-boxed elementor-section-height-default elementor-section-height-default\" data-id=\"459c56d3\" data-element_type=\"section\" data-e-type=\"section\">\n\t\t\t\t\t\t<div class=\"elementor-container elementor-column-gap-no\">\n\t\t\t\t\t<div class=\"elementor-column elementor-col-100 elementor-inner-column elementor-element elementor-element-6cb351a1\" data-id=\"6cb351a1\" data-element_type=\"column\" data-e-type=\"column\">\n\t\t\t<div class=\"elementor-widget-wrap elementor-element-populated\">\n\t\t\t\t\t\t<div class=\"elementor-element elementor-element-3ae30a80 elementor-widget elementor-widget-drillerservice\" data-id=\"3ae30a80\" data-element_type=\"widget\" data-e-type=\"widget\" data-widget_type=\"drillerservice.default\">\n\t\t\t\t<div class=\"elementor-widget-container\">\n\t\t\t\t\t<div class=\"row gx-0\"><div class=\"col-md-6 col-lg-4 service-list-wrap\"><div class=\"service-list\"><div class=\"service-list_icon\"><img decoding=\"async\" src=\"https:\/\/themeholy.com\/wordpress\/konta\/wp-content\/uploads\/2023\/10\/service_4_1.svg\" alt=\"service_4_1\"  \/><\/div><div class=\"service-list_content\"><h3 class=\"service-list_title box-title\"><a href=\"https:\/\/laovalue.com\/about-us\/\">1\/ \u0110\u1ecbnh gi\u00e1 \u0111\u1ea5t \u0111ai<\/a><\/h3><p class=\"service-list_text\">Vi\u1ec7c \u0111\u00e1nh gi\u00e1 \u0111\u1ea5t tr\u1ed1ng kh\u00e1 \u0111\u01a1n gi\u1ea3n, \u0111\u1ed9i ng\u0169 k\u1ef9 thu\u1eadt c\u1ee7a ch\u00fang t\u00f4i l\u00e0 chuy\u00ean gia trong l\u0129nh v\u1ef1c n\u00e0y. Gi\u00e1 tr\u1ecb \u0111\u1ea5t l\u00e0 gi\u00e1 tr\u1ecb c\u1ee7a m\u1ed9t m\u1ea3nh \u0111\u1ea5t, bao g\u1ed3m c\u1ea3 gi\u00e1 tr\u1ecb c\u1ee7a ch\u00ednh m\u1ea3nh \u0111\u1ea5t v\u00e0 b\u1ea5t k\u1ef3 c\u1ea3i ti\u1ebfn n\u00e0o \u0111\u00e3 \u0111\u01b0\u1ee3c th\u1ef1c hi\u1ec7n tr\u00ean \u0111\u00f3. Gi\u00e1 tr\u1ecb \u0111\u1ea5t t\u0103ng khi nhu c\u1ea7u v\u1ec1 \u0111\u1ea5t v\u01b0\u1ee3t qu\u00e1 ngu\u1ed3n cung \u0111\u1ea5t c\u00f3 s\u1eb5n ho\u1eb7c n\u1ebfu m\u1ed9t m\u1ea3nh \u0111\u1ea5t c\u1ee5 th\u1ec3 c\u00f3 gi\u00e1 tr\u1ecb n\u1ed9i t\u1ea1i l\u1edbn h\u01a1n c\u00e1c khu v\u1ef1c xung quanh.<\/p><a href=\"https:\/\/laovalue.com\/about-us\/\" class=\"service-list_btn\"><span class=\"icon-btn\"><i class=\"fas fa-arrow-right\"><\/i><\/span>V\u1ec1 ch\u00fang t\u00f4i<\/a><\/div><\/div><\/div><div class=\"col-md-6 col-lg-4 service-list-wrap\"><div class=\"service-list\"><div class=\"service-list_icon\"><img decoding=\"async\" src=\"https:\/\/themeholy.com\/wordpress\/konta\/wp-content\/uploads\/2023\/10\/service_4_2.svg\" alt=\"service_4_2\"  \/><\/div><div class=\"service-list_content\"><h3 class=\"service-list_title box-title\"><a href=\"https:\/\/laovalue.com\/about-us\/\">2\/ \u0110\u1ecbnh gi\u00e1 T\u00f2a nh\u00e0\/C\u00f4ng tr\u00ecnh x\u00e2y d\u1ef1ng<\/a><\/h3><p class=\"service-list_text\">M\u1ed9t trong c\u00e1c l\u0129nh v\u1ef1c m\u00e0 ch\u00fang t\u00f4i chuy\u00ean m\u00f4n. \u0110\u1ecbnh gi\u00e1 t\u00f2a nh\u00e0 ho\u1eb7c b\u1ea5t \u0111\u1ed9ng s\u1ea3n l\u00e0 ph\u01b0\u01a1ng ph\u00e1p t\u00ednh to\u00e1n chi ph\u00ed th\u1ecb tr\u01b0\u1eddng hi\u1ec7n t\u1ea1i c\u1ee7a m\u1ed9t t\u00f2a nh\u00e0. \u0110\u1ecbnh gi\u00e1 t\u00f2a nh\u00e0 ph\u1ee5 thu\u1ed9c v\u00e0o lo\u1ea1i t\u00f2a nh\u00e0, c\u1ea5u tr\u00fac, \u0111\u1ed9 b\u1ec1n, v\u1ecb tr\u00ed, k\u00edch th\u01b0\u1edbc, h\u00ecnh d\u1ea1ng, chi\u1ec1u r\u1ed9ng c\u1ee7a c\u00e1c con \u0111\u01b0\u1eddng, m\u1eb7t ti\u1ec1n, lo\u1ea1i v\u00e0 ch\u1ea5t l\u01b0\u1ee3ng v\u1eadt li\u1ec7u x\u00e2y d\u1ef1ng \u0111\u01b0\u1ee3c s\u1eed d\u1ee5ng v\u00e0 chi ph\u00ed c\u1ee7a c\u00e1c v\u1eadt li\u1ec7u n\u00e0y.<\/p><a href=\"https:\/\/laovalue.com\/about-us\/\" class=\"service-list_btn\"><span class=\"icon-btn\"><i class=\"fas fa-arrow-right\"><\/i><\/span>V\u1ec1 ch\u00fang t\u00f4i<\/a><\/div><\/div><\/div><div class=\"col-md-6 col-lg-4 service-list-wrap\"><div class=\"service-list\"><div class=\"service-list_icon\"><img decoding=\"async\" src=\"https:\/\/themeholy.com\/wordpress\/konta\/wp-content\/uploads\/2023\/10\/service_4_3.svg\" alt=\"service_4_3\"  \/><\/div><div class=\"service-list_content\"><h3 class=\"service-list_title box-title\"><a href=\"https:\/\/laovalue.com\/about-us\/\">3\/ \u0110\u1ecbnh gi\u00e1 nh\u00e0 m\u00e1y v\u00e0 m\u00e1y m\u00f3c<\/a><\/h3><p class=\"service-list_text\">M\u1ed9t trong nh\u1eefng l\u0129nh v\u1ef1c m\u00e0 ch\u00fang t\u00f4i chuy\u00ean m\u00f4n v\u00e0 c\u00f3 nhi\u1ec1u kh\u00e1ch h\u00e0ng y\u00eau c\u1ea7u \u0111\u1ecbnh gi\u00e1 t\u00e0i s\u1ea3n c\u00f4ng nghi\u1ec7p. C\u01a1 s\u1edf \u0111\u1ec3 \u0111\u1ecbnh gi\u00e1 cho m\u1ed9t m\u00e1y m\u00f3c c\u00f3 th\u1ec3 l\u00e0 Gi\u00e1 tr\u1ecb Th\u1ecb tr\u01b0\u1eddng, Gi\u00e1 tr\u1ecb C\u00f4ng b\u1eb1ng ho\u1eb7c Gi\u00e1 tr\u1ecb X\u1ee9ng \u0111\u00e1ng. M\u1ed7i c\u01a1 s\u1edf \u0111\u1ecbnh gi\u00e1 n\u00e0y c\u00f3 m\u1ed9t \u0111\u1ecbnh ngh\u0129a ri\u00eang. C\u01a1 s\u1edf \u0111\u1ecbnh gi\u00e1 \u0111\u01b0\u1ee3c x\u00e1c \u0111\u1ecbnh d\u1ef1a tr\u00ean m\u1ee5c \u0111\u00edch c\u1ee7a vi\u1ec7c \u0111\u1ecbnh gi\u00e1, \u0111\u1ed9i ng\u0169 c\u1ee7a ch\u00fang t\u00f4i c\u00f3 kinh nghi\u1ec7m trong vi\u1ec7c \u0111\u1ecbnh gi\u00e1 Nh\u00e0 m\u00e1y Th\u1ee7y \u0111i\u1ec7n v\u00e0 nhi\u1ec1u nh\u00e0 m\u00e1y trong nh\u1eefng n\u0103m g\u1ea7n \u0111\u00e2y.<\/p><a href=\"https:\/\/laovalue.com\/about-us\/\" class=\"service-list_btn\"><span class=\"icon-btn\"><i class=\"fas fa-arrow-right\"><\/i><\/span>V\u1ec1 ch\u00fang t\u00f4i<\/a><\/div><\/div><\/div><div class=\"col-md-6 col-lg-4 service-list-wrap\"><div class=\"service-list\"><div class=\"service-list_icon\"><img decoding=\"async\" src=\"https:\/\/themeholy.com\/wordpress\/konta\/wp-content\/uploads\/2023\/10\/service_4_4.svg\" alt=\"service_4_4\"  \/><\/div><div class=\"service-list_content\"><h3 class=\"service-list_title box-title\"><a href=\"https:\/\/laovalue.com\/about-us\/\">4\/ \u0110\u1ecbnh gi\u00e1 thi\u1ebft b\u1ecb<\/a><\/h3><p class=\"service-list_text\">\u0110\u1ecbnh gi\u00e1 thi\u1ebft b\u1ecb l\u00e0 m\u1ed9t l\u0129nh v\u1ef1c chuy\u00ean m\u00f4n trong \u0111\u1ecbnh gi\u00e1 b\u1ea5t \u0111\u1ed9ng s\u1ea3n. N\u00f3 \u0111\u00f2i h\u1ecfi m\u1ed9t s\u1ef1 hi\u1ec3u bi\u1ebft s\u00e2u s\u1eafc v\u1ec1 ch\u1ee9c n\u0103ng, t\u00ecnh tr\u1ea1ng, nhu c\u1ea7u th\u1ecb tr\u01b0\u1eddng v\u00e0 kh\u1ea3 n\u0103ng l\u1ed7i th\u1eddi c\u1ee7a thi\u1ebft b\u1ecb.<\/p><a href=\"https:\/\/laovalue.com\/about-us\/\" class=\"service-list_btn\"><span class=\"icon-btn\"><i class=\"fas fa-arrow-right\"><\/i><\/span>V\u1ec1 ch\u00fang t\u00f4i<\/a><\/div><\/div><\/div><div class=\"col-md-6 col-lg-4 service-list-wrap\"><div class=\"service-list\"><div class=\"service-list_icon\"><img decoding=\"async\" src=\"https:\/\/themeholy.com\/wordpress\/konta\/wp-content\/uploads\/2023\/10\/service_4_5.svg\" alt=\"service_4_5\"  \/><\/div><div class=\"service-list_content\"><h3 class=\"service-list_title box-title\"><a href=\"https:\/\/laovalue.com\/about-us\/\">5\/ \u0110\u1ecbnh gi\u00e1 h\u1ee3p \u0111\u1ed3ng cho thu\u00ea \/ h\u1ee3p \u0111\u1ed3ng nh\u01b0\u1ee3ng quy\u1ec1n<\/a><\/h3><p class=\"service-list_text\">\u0110\u1ecbnh gi\u00e1 h\u1ee3p \u0111\u1ed3ng cho thu\u00ea l\u00e0 m\u1ed9t trong nh\u1eefng l\u0129nh v\u1ef1c chuy\u00ean m\u00f4n c\u1ee7a ch\u00fang t\u00f4i, \u0111\u1eb7c bi\u1ec7t l\u00e0 \u0111\u1ecbnh gi\u00e1 nh\u01b0\u1ee3ng quy\u1ec1n trong c\u00e1c khu kinh t\u1ebf \u0111\u1eb7c bi\u1ec7t \u1edf L\u00e0o. G\u1ea7n \u0111\u00e2y, ch\u00fang t\u00f4i \u0111\u00e3 th\u1ef1c hi\u1ec7n \u0111\u1ecbnh gi\u00e1 h\u1ee3p \u0111\u1ed3ng nh\u01b0\u1ee3ng quy\u1ec1n, 150 ha \u0111\u1ea5t n\u00f4ng nghi\u1ec7p t\u1ea1i Th\u1ee7 \u0111\u00f4 Vientiane.<\/p><a href=\"https:\/\/laovalue.com\/about-us\/\" class=\"service-list_btn\"><span class=\"icon-btn\"><i class=\"fas fa-arrow-right\"><\/i><\/span>V\u1ec1 ch\u00fang t\u00f4i<\/a><\/div><\/div><\/div><div class=\"col-md-6 col-lg-4 service-list-wrap\"><div class=\"service-list\"><div class=\"service-list_icon\"><img decoding=\"async\" src=\"https:\/\/themeholy.com\/wordpress\/konta\/wp-content\/uploads\/2023\/10\/service_4_6.svg\" alt=\"service_4_6\"  \/><\/div><div class=\"service-list_content\"><h3 class=\"service-list_title box-title\"><a href=\"https:\/\/laovalue.com\/about-us\/\">6\/ \u0110\u1ecbnh gi\u00e1 b\u1eb1ng s\u00e1ng ch\u1ebf v\u00e0 s\u1edf h\u1eefu tr\u00ed tu\u1ec7 (IP)<\/a><\/h3><p class=\"service-list_text\">\u0110\u1ecbnh gi\u00e1 b\u1eb1ng s\u00e1ng ch\u1ebf v\u00e0 s\u1edf h\u1eefu tr\u00ed tu\u1ec7 (IP) c\u00f3 th\u1ec3 ph\u1ee9c t\u1ea1p h\u01a1n nhi\u1ec1u so v\u1edbi vi\u1ec7c \u0111\u1ecbnh gi\u00e1 t\u00e0i s\u1ea3n h\u1eefu h\u00ecnh. Nh\u1eefng t\u00e0i s\u1ea3n n\u00e0y l\u00e0 v\u00f4 h\u00ecnh, c\u00f3 d\u00f2ng ti\u1ec1n trong t\u01b0\u01a1ng lai kh\u00f4ng ch\u1eafc ch\u1eafn v\u00e0 th\u01b0\u1eddng xuy\u00ean ch\u1ecbu \u1ea3nh h\u01b0\u1edfng t\u1eeb s\u1ef1 ti\u1ebfn b\u1ed9 c\u00f4ng ngh\u1ec7 nhanh ch\u00f3ng.<\/p><a href=\"https:\/\/laovalue.com\/about-us\/\" class=\"service-list_btn\"><span class=\"icon-btn\"><i class=\"fas fa-arrow-right\"><\/i><\/span>V\u1ec1 ch\u00fang t\u00f4i<\/a><\/div><\/div><\/div><\/div>\t\t\t\t<\/div>\n\t\t\t\t<\/div>\n\t\t\t\t<div class=\"elementor-element elementor-element-2f77c723 elementor-widget elementor-widget-drillerbutton\" data-id=\"2f77c723\" data-element_type=\"widget\" data-e-type=\"widget\" data-widget_type=\"drillerbutton.default\">\n\t\t\t\t<div class=\"elementor-widget-container\">\n\t\t\t\t\t<!-- Button --><div class=\"btn-wrapper center\"><a class=\"th-btn\" href=\"https:\/\/laovalue.com\/service-use-advice\/\">H\u01b0\u1edbng d\u1eabn s\u1eed d\u1ee5ng d\u1ecbch v\u1ee5<\/a><\/div><!-- End Button -->\t\t\t\t<\/div>\n\t\t\t\t<\/div>\n\t\t\t\t\t<\/div>\n\t\t<\/div>\n\t\t\t\t\t<\/div>\n\t\t<\/section>\n\t\t\t\t\t<\/div>\n\t\t<\/div>\n\t\t\t\t\t<\/div>\n\t\t<\/section>\n\t\t\t\t<section class=\"elementor-section elementor-top-section elementor-element elementor-element-794b1d36 elementor-section-boxed elementor-section-height-default elementor-section-height-default\" data-id=\"794b1d36\" data-element_type=\"section\" data-e-type=\"section\" data-settings=\"{&quot;background_background&quot;:&quot;classic&quot;}\">\n\t\t\t\t\t\t<div class=\"elementor-container elementor-column-gap-no\">\n\t\t\t\t\t<div class=\"elementor-column elementor-col-100 elementor-top-column elementor-element elementor-element-391b0291\" data-id=\"391b0291\" data-element_type=\"column\" data-e-type=\"column\">\n\t\t\t<div class=\"elementor-widget-wrap elementor-element-populated\">\n\t\t\t\t\t\t<section class=\"elementor-section elementor-inner-section elementor-element elementor-element-fb16cfa elementor-section-boxed elementor-section-height-default elementor-section-height-default\" data-id=\"fb16cfa\" data-element_type=\"section\" data-e-type=\"section\">\n\t\t\t\t\t\t<div class=\"elementor-container elementor-column-gap-no\">\n\t\t\t\t\t<div class=\"elementor-column elementor-col-33 elementor-inner-column elementor-element elementor-element-26082ab3\" data-id=\"26082ab3\" data-element_type=\"column\" data-e-type=\"column\">\n\t\t\t<div class=\"elementor-widget-wrap\">\n\t\t\t\t\t\t\t<\/div>\n\t\t<\/div>\n\t\t\t\t<div class=\"elementor-column elementor-col-33 elementor-inner-column elementor-element elementor-element-7ad47fe5\" data-id=\"7ad47fe5\" data-element_type=\"column\" data-e-type=\"column\">\n\t\t\t<div class=\"elementor-widget-wrap elementor-element-populated\">\n\t\t\t\t\t\t<div class=\"elementor-element elementor-element-20bd9e45 elementor-widget elementor-widget-drillersectiontitle\" data-id=\"20bd9e45\" data-element_type=\"widget\" data-e-type=\"widget\" data-widget_type=\"drillersectiontitle.default\">\n\t\t\t\t<div class=\"elementor-widget-container\">\n\t\t\t\t\t<div class=\"title-area\" ><span class=\"sub-title7 title-selector justify-content-center\"><span class=\"shape left\"><span class=\"dots\"><\/span><\/span><span class=\"box\"><\/span>B\u00ean c\u1ea1nh \u0111\u00f3, \u0111\u1ecbnh gi\u00e1 b\u1ea5t \u0111\u1ed9ng s\u1ea3n<span class=\"shape right\"><span class=\"dots\"><\/span><\/span><\/span><h2 class=\"sec-title subtitle-selector\">\u0110\u1ec3 h\u1ed7 tr\u1ee3 b\u1ea1n t\u1ed1t h\u01a1n t\u1ea1i L\u00e0o, ch\u00fang t\u00f4i cung c\u1ea5p 2 d\u1ecbch v\u1ee5 b\u1ed5 sung.<\/h2><\/div>\t\t\t\t<\/div>\n\t\t\t\t<\/div>\n\t\t\t\t\t<\/div>\n\t\t<\/div>\n\t\t\t\t<div class=\"elementor-column elementor-col-33 elementor-inner-column elementor-element elementor-element-102e9b3c\" data-id=\"102e9b3c\" data-element_type=\"column\" data-e-type=\"column\">\n\t\t\t<div class=\"elementor-widget-wrap\">\n\t\t\t\t\t\t\t<\/div>\n\t\t<\/div>\n\t\t\t\t\t<\/div>\n\t\t<\/section>\n\t\t\t\t<section class=\"elementor-section elementor-inner-section elementor-element elementor-element-5b465721 elementor-section-boxed elementor-section-height-default elementor-section-height-default\" data-id=\"5b465721\" data-element_type=\"section\" data-e-type=\"section\">\n\t\t\t\t\t\t<div class=\"elementor-container elementor-column-gap-no\">\n\t\t\t\t\t<div class=\"elementor-column elementor-col-100 elementor-inner-column elementor-element elementor-element-4ca31559\" data-id=\"4ca31559\" data-element_type=\"column\" data-e-type=\"column\">\n\t\t\t<div class=\"elementor-widget-wrap elementor-element-populated\">\n\t\t\t\t\t\t<div class=\"elementor-element elementor-element-1df9abd3 elementor-widget elementor-widget-drillermission\" data-id=\"1df9abd3\" data-element_type=\"widget\" data-e-type=\"widget\" data-widget_type=\"drillermission.default\">\n\t\t\t\t<div class=\"elementor-widget-container\">\n\t\t\t\t\t<div class=\"tab-menu2 filter-menu-active\"><button data-filter=\".1\" class=\"active\" type=\"button\">Trung t\u00e2m nghi\u00ean c\u1ee9u<\/button><button data-filter=\".2\" class=\"\" type=\"button\">H\u1ed9i th\u1ea3o \u0110\u1ecbnh gi\u00e1<\/button><\/div><div class=\"mission-box-wrap mt-50 filter-active-1\"><div class=\"filter-item 1\"><div class=\"mission-grid\"><div class=\"mission-img rounded-20\" data-overlay=\"title\" data-opacity=\"2\"><img decoding=\"async\" src=\"https:\/\/themeholy.com\/wordpress\/konta\/wp-content\/uploads\/2023\/10\/mission_3_1.jpg\" alt=\"mission_3_1\"  \/><a href=\"https:\/\/www.youtube.com\/watch?v=_sI_Ps7JSEk\" class=\"play-btn style3 popup-video\"><i class=\"fas fa-play\"><\/i><\/a><\/div><div class=\"mission-content\"><h3 class=\"mission-title\">Nghi\u00ean c\u1ee9u B\u1ea5t \u0111\u1ed9ng s\u1ea3n v\u00e0 Nghi\u00ean c\u1ee9u Th\u1ecb tr\u01b0\u1eddng<\/h3><p class=\"mission-text\">Nghi\u00ean c\u1ee9u B\u1ea5t \u0111\u1ed9ng s\u1ea3n: K\u1ec3 t\u1eeb khi ch\u00fang t\u00f4i thu th\u1eadp d\u1eef li\u1ec7u b\u1ea5t \u0111\u1ed9ng s\u1ea3n v\u00e0o n\u0103m 2008, ch\u00fang t\u00f4i \u0111\u00e3 x\u00e2y d\u1ef1ng \u0111\u01b0\u1ee3c m\u1ed9t c\u01a1 s\u1edf d\u1eef li\u1ec7u kh\u1ed5ng l\u1ed3 v\u00e0 c\u00f3 \u0111\u1ed1i t\u00e1c c\u00f4ng ty v\u1edbi n\u1ec1n t\u1ea3ng kinh t\u1ebf \u1edf c\u1ea5p \u0111\u1ed9 Ti\u1ebfn s\u0129 c\u00f9ng nhi\u1ec1u n\u0103m kinh nghi\u1ec7m trong nghi\u00ean c\u1ee9u.\n\nTrung t\u00e2m D\u1eef li\u1ec7u B\u1ea5t \u0111\u1ed9ng s\u1ea3n:\n\nD\u00f9 b\u1ea1n l\u00e0 chuy\u00ean gia \u0111\u1ecbnh gi\u00e1 b\u1ea5t \u0111\u1ed9ng s\u1ea3n qu\u1ed1c t\u1ebf hay nh\u00e0 \u0111\u1ea7u t\u01b0, ch\u00fang t\u00f4i c\u00f3 th\u1ec3 cung c\u1ea5p cho b\u1ea1n d\u1eef li\u1ec7u so s\u00e1nh \u0111\u1ec3 h\u1ed7 tr\u1ee3 \u0111\u1ecbnh gi\u00e1 b\u1ea5t \u0111\u1ed9ng s\u1ea3n t\u1ea1i L\u00e0o, gi\u00fap b\u1ea1n hi\u1ec3u v\u00e0 ph\u00e2n t\u00edch th\u1ecb tr\u01b0\u1eddng b\u1ea5t \u0111\u1ed9ng s\u1ea3n.<\/p><div class=\"checklist style5\"><ul><li>Nghi\u00ean c\u1ee9u B\u1ea5t \u0111\u1ed9ng s\u1ea3n<\/li><li>Nghi\u00ean c\u1ee9u Th\u1ecb tr\u01b0\u1eddng<\/li><li>\u0110\u1ecba h\u00ecnh \u0110\u1ea5t \u0111ai<\/li><\/ul><\/div><\/div><\/div><\/div><div class=\"filter-item 2\"><div class=\"mission-grid\"><div class=\"mission-img rounded-20\" data-overlay=\"title\" data-opacity=\"2\"><img decoding=\"async\" src=\"https:\/\/laovalue.com\/wp-content\/uploads\/2024\/11\/FANDAMENTALS04.jpeg\" alt=\"FANDAMENTALS04\"  \/><a href=\"https:\/\/www.youtube.com\/watch?v=_sI_Ps7JSEk\" class=\"play-btn style3 popup-video\"><i class=\"fas fa-play\"><\/i><\/a><\/div><div class=\"mission-content\"><h3 class=\"mission-title\">H\u1ed9i th\u1ea3o \u0110\u1ecbnh gi\u00e1 B\u1ea5t \u0111\u1ed9ng s\u1ea3n<\/h3><p class=\"mission-text\">Ch\u00fang t\u00f4i t\u1ed5 ch\u1ee9c kh\u00f3a h\u1ecdc h\u1ed9i th\u1ea3o 2 l\u1ea7n m\u1ed7i n\u0103m v\u00e0 \u0111\u00e3 t\u1ed5 ch\u1ee9c th\u00e0nh c\u00f4ng hai l\u1ea7n. H\u01a1n n\u1eefa, ch\u00fang t\u00f4i c\u0169ng cung c\u1ea5p \u0111\u00e0o t\u1ea1o n\u1ed9i b\u1ed9 cho t\u1ed5 ch\u1ee9c c\u1ee7a b\u1ea1n. Li\u00ean h\u1ec7 v\u1edbi ch\u00fang t\u00f4i \u0111\u1ec3 bi\u1ebft th\u00eam th\u00f4ng tin.  \nXem h\u1ed9i th\u1ea3o g\u1ea7n \u0111\u00e2y nh\u1ea5t c\u1ee7a ch\u00fang t\u00f4i d\u01b0\u1edbi \u0111\u00e2y.<\/p><div class=\"checklist style5\"><ul><li><a href=\"https:\/\/laovalue.com\/%e0%ba%aa%e0%bb%8d%e0%ba%b2%e0%ba%a1%e0%ba%b0%e0%ba%99%e0%ba%b2%e0%ba%9e%e0%ba%b7%e0%bb%89%e0%ba%99%e0%ba%96%e0%ba%b2%e0%ba%99%e0%ba%81%e0%ba%b2%e0%ba%99%e0%ba%9b%e0%ba%b0%e0%bb%80%e0%ba%a1%e0%ba%b5\/\">C\u01a1 b\u1ea3n v\u1ec1 \u0110\u1ecbnh gi\u00e1<\/a><\/li><\/ul><\/div><\/div><\/div><\/div><\/div>\t\t\t\t<\/div>\n\t\t\t\t<\/div>\n\t\t\t\t\t<\/div>\n\t\t<\/div>\n\t\t\t\t\t<\/div>\n\t\t<\/section>\n\t\t\t\t\t<\/div>\n\t\t<\/div>\n\t\t\t\t\t<\/div>\n\t\t<\/section>\n\t\t\t\t<\/div>\n\t\t","protected":false},"excerpt":{"rendered":"<p>D\u1ecbch v\u1ee5 c\u1ee7a ch\u00fang t\u00f4i D\u1ecbch v\u1ee5 t\u1ed1t nh\u1ea5t cho b\u1ea1n 1\/ \u0110\u1ecbnh gi\u00e1 \u0111\u1ea5t \u0111ai Vi\u1ec7c \u0111\u00e1nh gi\u00e1 \u0111\u1ea5t tr\u1ed1ng kh\u00e1 \u0111\u01a1n gi\u1ea3n, \u0111\u1ed9i ng\u0169 k\u1ef9 thu\u1eadt c\u1ee7a ch\u00fang t\u00f4i l\u00e0 chuy\u00ean gia trong l\u0129nh v\u1ef1c n\u00e0y. Gi\u00e1 tr\u1ecb \u0111\u1ea5t l\u00e0 gi\u00e1 tr\u1ecb c\u1ee7a m\u1ed9t m\u1ea3nh \u0111\u1ea5t, bao g\u1ed3m c\u1ea3 gi\u00e1 tr\u1ecb c\u1ee7a ch\u00ednh&#8230;<\/p>\n","protected":false},"author":1,"featured_media":0,"parent":0,"menu_order":0,"comment_status":"closed","ping_status":"closed","template":"","meta":{"_monsterinsights_skip_tracking":false,"_monsterinsights_sitenote_active":false,"_monsterinsights_sitenote_note":"","_monsterinsights_sitenote_category":0,"ngg_post_thumbnail":0,"footnotes":""},"class_list":["post-9759","page","type-page","status-publish","hentry"],"aioseo_notices":[],"_links":{"self":[{"href":"https:\/\/laovalue.com\/vi\/wp-json\/wp\/v2\/pages\/9759","targetHints":{"allow":["GET"]}}],"collection":[{"href":"https:\/\/laovalue.com\/vi\/wp-json\/wp\/v2\/pages"}],"about":[{"href":"https:\/\/laovalue.com\/vi\/wp-json\/wp\/v2\/types\/page"}],"author":[{"embeddable":true,"href":"https:\/\/laovalue.com\/vi\/wp-json\/wp\/v2\/users\/1"}],"replies":[{"embeddable":true,"href":"https:\/\/laovalue.com\/vi\/wp-json\/wp\/v2\/comments?post=9759"}],"version-history":[{"count":8,"href":"https:\/\/laovalue.com\/vi\/wp-json\/wp\/v2\/pages\/9759\/revisions"}],"predecessor-version":[{"id":11009,"href":"https:\/\/laovalue.com\/vi\/wp-json\/wp\/v2\/pages\/9759\/revisions\/11009"}],"wp:attachment":[{"href":"https:\/\/laovalue.com\/vi\/wp-json\/wp\/v2\/media?parent=9759"}],"curies":[{"name":"wp","href":"https:\/\/api.w.org\/{rel}","templated":true}]}}