{"id":9779,"date":"2023-10-09T09:54:36","date_gmt":"2023-10-09T09:54:36","guid":{"rendered":"https:\/\/laovalue.com\/service-details\/"},"modified":"2025-01-13T02:04:25","modified_gmt":"2025-01-13T02:04:25","slug":"service-details","status":"publish","type":"page","link":"https:\/\/laovalue.com\/vi\/service-details\/","title":{"rendered":"Chi ti\u1ebft d\u1ecbch v\u1ee5"},"content":{"rendered":"\t\t<div data-elementor-type=\"wp-page\" data-elementor-id=\"9779\" class=\"elementor elementor-9779 elementor-2850\" data-elementor-post-type=\"page\">\n\t\t\t\t\t\t<section class=\"elementor-section elementor-top-section elementor-element elementor-element-00cbebf elementor-section-full_width elementor-section-height-default elementor-section-height-default\" data-id=\"00cbebf\" data-element_type=\"section\" data-e-type=\"section\">\n\t\t\t\t\t\t<div class=\"elementor-container elementor-column-gap-no\">\n\t\t\t\t\t<div class=\"elementor-column elementor-col-100 elementor-top-column elementor-element elementor-element-3f7a7e7\" data-id=\"3f7a7e7\" data-element_type=\"column\" data-e-type=\"column\">\n\t\t\t<div class=\"elementor-widget-wrap elementor-element-populated\">\n\t\t\t\t\t\t<section class=\"elementor-section elementor-inner-section elementor-element elementor-element-5ac9ab4 elementor-section-boxed elementor-section-height-default elementor-section-height-default\" data-id=\"5ac9ab4\" data-element_type=\"section\" data-e-type=\"section\">\n\t\t\t\t\t\t<div class=\"elementor-container elementor-column-gap-default\">\n\t\t\t\t\t<div class=\"elementor-column elementor-col-50 elementor-inner-column elementor-element elementor-element-86b3017\" data-id=\"86b3017\" data-element_type=\"column\" data-e-type=\"column\">\n\t\t\t<div class=\"elementor-widget-wrap elementor-element-populated\">\n\t\t\t\t\r\n\t\t<div class=\"elementor-element elementor-element-1eda0ab elementor-widget elementor-widget-kontaimage\" data-id=\"1eda0ab\" data-element_type=\"widget\" data-e-type=\"widget\" data-widget_type=\"kontaimage.default\">\n\t\t\t\t<div class=\"elementor-widget-container\">\n\t\t\t\t\t<!-- Image --><div class=\"custom_css_handelar page-img mb-30\"><img decoding=\"async\" class=\"\" src=\"\" alt=\"\" ><\/div><!-- End Image -->\t\t\t\t<\/div>\n\t\t\t\t<\/div>\n\t\t\t\t<div class=\"elementor-element elementor-element-c8c7aa6 elementor-widget elementor-widget-text-editor\" data-id=\"c8c7aa6\" data-element_type=\"widget\" data-e-type=\"widget\" data-widget_type=\"text-editor.default\">\n\t\t\t\t<div class=\"elementor-widget-container\">\n\t\t\t\t\t\t\t\t\t<h2 class=\"h3 page-title\">X\u00e2y d\u1ef1ng c\u00f4ng tr\u00ecnh<\/h2>\n<p class=\"mb-30\">T\u1ed1i \u01b0u h\u00f3a to\u00e0n c\u1ea7u gi\u1ea3i ph\u00e1p hi\u1ec7u qu\u1ea3 cao trong khi \u1ee9ng d\u1ee5ng ngu\u1ed3n m\u1edf. Ho\u00e0n to\u00e0n chi\u1ebfn l\u01b0\u1ee3c h\u00f3a c\u00e1c ngu\u1ed3n n\u1ed9i b\u1ed9 ho\u1eb7c &#8220;h\u1eefu c\u01a1&#8221; ch\u1ea5t l\u01b0\u1ee3ng cho th\u01b0\u01a1ng m\u1ea1i \u0111i\u1ec7n t\u1eed \u1ea3o. T\u00e1i thi\u1ebft k\u1ebf th\u1ecb tr\u01b0\u1eddng doanh nghi\u1ec7p m\u1ed9t c\u00e1ch hu\u1ef3nh quang th\u00f4ng qua c\u00e1c m\u1ea1ng l\u01b0\u1edbi gi\u00e1 tr\u1ecb gia t\u0103ng. Kh\u00f4i ph\u1ee5c li\u1ec1n m\u1ea1ch c\u00e1c th\u1ecb tr\u01b0\u1eddng \u0111i\u1ec7n t\u1eed gi\u00e1 r\u1ebb so v\u1edbi v\u1ed1n tr\u00ed tu\u1ec7 c\u1ee7a c\u00f4ng ty. T\u00e1i t\u1ea1o to\u00e0n di\u1ec7n c\u00e1c th\u1ecb tr\u01b0\u1eddng ng\u00e1ch h\u1ea5p d\u1eabn th\u00f4ng qua chi\u1ebfn l\u01b0\u1ee3c c\u00f3 th\u1ec3 m\u1edf r\u1ed9ng.<\/p>\n<p class=\"mb-30\">M\u1edf r\u1ed9ng quy m\u00f4 d\u1ecbch v\u1ee5 kinh doanh theo th\u1ea9m quy\u1ec1n tr\u01b0\u1edbc c\u00e1c c\u00f4ng ngh\u1ec7 d\u1ef1a tr\u00ean kh\u00e1ch h\u00e0ng. Chi\u1ebfn l\u01b0\u1ee3c h\u00f3a c\u00e1c k\u1ecbch b\u1ea3n c\u00f3 t\u00ednh hi\u1ec7p l\u1ef1c thay v\u00ec c\u00e1c m\u1ee5c h\u00e0nh \u0111\u1ed9ng linh ho\u1ea1t. Li\u00ean t\u1ee5c cung c\u1ea5p s\u1ef1 h\u1ed9i t\u1ee5 \u0111\u1ecbnh v\u1ecb th\u1ecb tr\u01b0\u1eddng v\u00e0 c\u01a1 s\u1edf h\u1ea1 t\u1ea7ng quan tr\u1ecdng.<\/p>\n\t\t\t\t\t\t\t\t<\/div>\n\t\t\t\t<\/div>\n\t\t\t\t<div class=\"elementor-element elementor-element-606d2c8 elementor-widget elementor-widget-text-editor\" data-id=\"606d2c8\" data-element_type=\"widget\" data-e-type=\"widget\" data-widget_type=\"text-editor.default\">\n\t\t\t\t<div class=\"elementor-widget-container\">\n\t\t\t\t\t\t\t\t\t<div class=\"row gy-30 align-items-center\">\n<div class=\"col-xl-6\">\n<div class=\"page-img\"><img decoding=\"async\" class=\"w-100\" src=\"https:\/\/themeholy.com\/wordpress\/konta\/wp-content\/uploads\/2023\/10\/service-details-1-2.jpg\" alt=\"Service Image\" \/><\/div>\n<\/div>\n<div class=\"col-xl-6\">\n<h4 class=\"box-title\">Services Benefits:<\/h4>\n<p>M\u1ed9t c\u00f4ng ty ki\u1ebfn \u200b\u200btr\u00fac ph\u00e1t tri\u1ec3n m\u1ea1nh nh\u1edd s\u1ef1 \u0111\u1ed5i m\u1edbi v\u00e0 s\u00e1ng t\u1ea1o. C\u00e1c nh\u00e0 thi\u1ebft k\u1ebf kh\u00e1m ph\u00e1 c\u00e1c v\u1eadt li\u1ec7u, c\u00f4ng ngh\u1ec7 v\u00e0 xu h\u01b0\u1edbng thi\u1ebft k\u1ebf m\u1edbi \u0111\u1ec3 \u0111\u01b0a ra c\u00e1c gi\u1ea3i ph\u00e1p m\u1edbi m\u1ebb v\u00e0 \u0111\u1ed9c \u0111\u00e1o.<\/p>\n<div class=\"checklist style7\">\n<ul>\n<li>Ch\u00fang t\u00f4i s\u1eed d\u1ee5ng thi\u1ebft b\u1ecb ch\u1ea9n \u0111o\u00e1n m\u1edbi nh\u1ea5t<\/li>\n<li>D\u1ecbch v\u1ee5 \u00f4 t\u00f4 m\u00e0 kh\u00e1ch h\u00e0ng c\u1ee7a ch\u00fang t\u00f4i nh\u1eadn \u0111\u01b0\u1ee3c<\/li>\n<li>Ch\u00fang t\u00f4i l\u00e0 th\u00e0nh vi\u00ean c\u1ee7a D\u1ecbch v\u1ee5 chuy\u00ean nghi\u1ec7p<\/li>\n<\/ul>\n<\/div>\n<\/div>\n<\/div>\n\t\t\t\t\t\t\t\t<\/div>\n\t\t\t\t<\/div>\n\t\t\t\t<div class=\"elementor-element elementor-element-b092aac elementor-widget elementor-widget-text-editor\" data-id=\"b092aac\" data-element_type=\"widget\" data-e-type=\"widget\" data-widget_type=\"text-editor.default\">\n\t\t\t\t<div class=\"elementor-widget-container\">\n\t\t\t\t\t\t\t\t\t <h3 class=\"h5 mt-30\">3 Simple Steps to Process<\/h3>\r\n                            <p class=\"mb-25\">Kh\u00e1i ni\u1ec7m h\u00f3a quan h\u1ec7 \u0111\u1ed1i t\u00e1c theo chi\u1ec1u d\u1ecdc m\u1ed9t c\u00e1ch n\u0103ng \u0111\u1ed9ng m\u00e0 kh\u00f4ng c\u00f3 giao di\u1ec7n t\u00e1c \u0111\u1ed9ng cao d\u00e0i h\u1ea1n. \u0110\u01a1n \u0111i\u1ec7u h\u00f3a k\u1ef9 n\u0103ng l\u00e3nh \u0111\u1ea1o d\u1ef1a tr\u00ean \u0111a ph\u01b0\u01a1ng ti\u1ec7n trong khi d\u1ecbch v\u1ee5 si\u00eau d\u1eef li\u1ec7u c\u00f3 th\u1ec3 m\u1edf r\u1ed9ng. T\u00edch h\u1ee3p li\u1ec1n m\u1ea1ch th\u00f4ng tin c\u1ed9ng t\u00e1c trong khi.<\/p>\t\t\t\t\t\t\t\t<\/div>\n\t\t\t\t<\/div>\n\t\t\t\t<div class=\"elementor-element elementor-element-09d68da elementor-widget elementor-widget-kontaworkprocess\" data-id=\"09d68da\" data-element_type=\"widget\" data-e-type=\"widget\" data-widget_type=\"kontaworkprocess.default\">\n\t\t\t\t<div class=\"elementor-widget-container\">\n\t\t\t\t\t<div class=\"row gy-40 justify-content-between\"><div class=\"col-sm-6 col-lg-auto process-card2-wrap\"><div class=\"process-card2\"><div class=\"process-card2_icon\"><i class=\"fal fa-file-lines\"><\/i><\/div><h3 class=\"process-card2_title title-selector\">Planning<\/h3><p class=\"process-card2_text desc-selector\">Uniquely orchestrate seamless potentialities via real-time.<\/p><\/div><\/div><div class=\"col-sm-6 col-lg-auto process-card2-wrap\"><div class=\"process-card2\"><div class=\"process-card2_icon\"><i class=\"fal fa-pen-ruler\"><\/i><\/div><h3 class=\"process-card2_title title-selector\">Design<\/h3><p class=\"process-card2_text desc-selector\">Matonsia orchestrate seamless potentialities via real-goal.<\/p><\/div><\/div><div class=\"col-sm-6 col-lg-auto process-card2-wrap\"><div class=\"process-card2\"><div class=\"process-card2_icon\"><i class=\"fal fa-sack-dollar\"><\/i><\/div><h3 class=\"process-card2_title title-selector\">Get Paid<\/h3><p class=\"process-card2_text desc-selector\">Kotalian orchestrate seamless potentialities via real-mean.<\/p><\/div><\/div><\/div>\t\t\t\t<\/div>\n\t\t\t\t<\/div>\n\t\t\t\t<div class=\"elementor-element elementor-element-52de9f6 elementor-widget elementor-widget-text-editor\" data-id=\"52de9f6\" data-element_type=\"widget\" data-e-type=\"widget\" data-widget_type=\"text-editor.default\">\n\t\t\t\t<div class=\"elementor-widget-container\">\n\t\t\t\t\t\t\t\t\t<p class=\"mb-30 mt-30\">C\u00e1c c\u00f4ng ty s\u1ea3n xu\u1ea5t c\u00f4ng nghi\u1ec7p th\u01b0\u1eddng s\u1ea3n xu\u1ea5t nhi\u1ec1u lo\u1ea1i s\u1ea3n ph\u1ea9m kh\u00e1c nhau, t\u1eeb c\u00e1c linh ki\u1ec7n nh\u1ecf \u0111\u1ebfn m\u00e1y m\u00f3c l\u1edbn. C\u00e1c s\u1ea3n ph\u1ea9m n\u00e0y ph\u1ee5c v\u1ee5 nhi\u1ec1u ng\u00e0nh c\u00f4ng nghi\u1ec7p v\u00e0 l\u0129nh v\u1ef1c kh\u00e1c nhau, g\u00f3p ph\u1ea7n v\u00e0o t\u0103ng tr\u01b0\u1edfng v\u00e0 ph\u00e1t tri\u1ec3n kinh t\u1ebf c\u0169ng nh\u01b0 c\u00e1c ti\u00eau chu\u1ea9n hi\u1ec7u su\u1ea5t.<\/p>\n\t\t\t\t\t\t\t\t<\/div>\n\t\t\t\t<\/div>\n\t\t\t\t\t<\/div>\n\t\t<\/div>\n\t\t\t\t<div class=\"elementor-column elementor-col-50 elementor-inner-column elementor-element elementor-element-3e9a2be service-sidebar sidebar-area\" data-id=\"3e9a2be\" data-element_type=\"column\" data-e-type=\"column\">\n\t\t\t<div class=\"elementor-widget-wrap elementor-element-populated\">\n\t\t\t\t\t\t<div class=\"elementor-element elementor-element-13fdb7b widget widget_search   elementor-widget elementor-widget-wp-widget-search\" data-id=\"13fdb7b\" data-element_type=\"widget\" data-e-type=\"widget\" data-widget_type=\"wp-widget-search.default\">\n\t\t\t\t<div class=\"elementor-widget-container\">\n\t\t\t\t\t\r\n<form role=\"search\" method=\"get\" action=\"https:\/\/laovalue.com\/vi\/\" class=\"search-form\">\r\n    <input name=\"s\" required value=\"\" type=\"search\" placeholder=\"Search...\">\r\n    <button type=\"submit\"><i class=\"far fa-search\"><\/i><\/button>\r\n<\/form>\t\t\t\t<\/div>\n\t\t\t\t<\/div>\n\t\t\t\t<div class=\"elementor-element elementor-element-1c7c83f widget widget_categories   elementor-widget elementor-widget-wp-widget-categories\" data-id=\"1c7c83f\" data-element_type=\"widget\" data-e-type=\"widget\" data-widget_type=\"wp-widget-categories.default\">\n\t\t\t\t<div class=\"elementor-widget-container\">\n\t\t\t\t\t<h5>Th\u1ec3 lo\u1ea1i<\/h5>\n\t\t\t<ul>\n\t\t\t\t\t<li class=\"cat-item cat-item-131\"><a href=\"https:\/\/laovalue.com\/vi\/category\/mou-vi\/\">Bi\u00ean b\u1ea3n ghi nh\u1edb<\/a> <span class=\"category-number\">14<\/span>\n<\/li>\n\t<li class=\"cat-item cat-item-175\"><a href=\"https:\/\/laovalue.com\/vi\/category\/vacancies-vi\/\">Ch\u1ee9c v\u1ee5 c\u00f2n tr\u1ed1ng<\/a> <span class=\"category-number\">5<\/span>\n<\/li>\n\t<li class=\"cat-item cat-item-90\"><a href=\"https:\/\/laovalue.com\/vi\/category\/commercial-vi\/\">Commercial<\/a> <span class=\"category-number\">2<\/span>\n<\/li>\n\t<li class=\"cat-item cat-item-120\"><a href=\"https:\/\/laovalue.com\/vi\/category\/consession-property-vi\/\">Consession Properties<\/a> <span class=\"category-number\">1<\/span>\n<\/li>\n\t<li class=\"cat-item cat-item-126\"><a href=\"https:\/\/laovalue.com\/vi\/category\/awards-and-recognition-vi\/\">Gi\u1ea3i th\u01b0\u1edfng v\u00e0 s\u1ef1 c\u00f4ng nh\u1eadn<\/a> <span class=\"category-number\">3<\/span>\n<\/li>\n\t<li class=\"cat-item cat-item-236\"><a href=\"https:\/\/laovalue.com\/vi\/category\/seminar-vi\/\">H\u1ed9i th\u1ea3o<\/a> <span class=\"category-number\">6<\/span>\n<\/li>\n\t<li class=\"cat-item cat-item-96\"><a href=\"https:\/\/laovalue.com\/vi\/category\/industrial-properties-vi\/\">Industrial Properties<\/a> <span class=\"category-number\">2<\/span>\n<\/li>\n\t<li class=\"cat-item cat-item-108\"><a href=\"https:\/\/laovalue.com\/vi\/category\/land-and-buildings-vi\/\">Land and Buildings<\/a> <span class=\"category-number\">4<\/span>\n<\/li>\n\t<li class=\"cat-item cat-item-230\"><a href=\"https:\/\/laovalue.com\/vi\/category\/valuation-foundation-vi\/\">Qu\u1ef9 \u0110\u1ecbnh gi\u00e1<\/a> <span class=\"category-number\">6<\/span>\n<\/li>\n\t<li class=\"cat-item cat-item-102\"><a href=\"https:\/\/laovalue.com\/vi\/category\/residential-vi\/\">Residential<\/a> <span class=\"category-number\">1<\/span>\n<\/li>\n\t<li class=\"cat-item cat-item-114\"><a href=\"https:\/\/laovalue.com\/vi\/category\/news-events-and-activities-vi\/\">S\u1ef1 ki\u1ec7n v\u00e0 ho\u1ea1t \u0111\u1ed9ng tin t\u1ee9c<\/a> <span class=\"category-number\">27<\/span>\n<\/li>\n\t<li class=\"cat-item cat-item-57\"><a href=\"https:\/\/laovalue.com\/vi\/category\/uncategorized-vi\/\">Uncategorized @vi<\/a> <span class=\"category-number\">4<\/span>\n<\/li>\n\t\t\t<\/ul>\n\n\t\t\t\t\t\t\t<\/div>\n\t\t\t\t<\/div>\n\t\t\t\t<div class=\"elementor-element elementor-element-fb85c8d widget elementor-widget elementor-widget-kontadownloadbutton\" data-id=\"fb85c8d\" data-element_type=\"widget\" data-e-type=\"widget\" data-widget_type=\"kontadownloadbutton.default\">\n\t\t\t\t<div class=\"elementor-widget-container\">\n\t\t\t\t\t<div class=\" widget_download  \"><h4 class=\"widget_title\">Download<\/h4><div class=\"donwload-media-wrap\"><div class=\"download-media\"><div class=\"download-media_icon\"><i class=\"fal fa-file-pdf\"><\/i><\/div><div class=\"download-media_info\"><h5 class=\"download-media_title\">Our Brochures<\/h5><span class=\"download-media_text\">Download<\/span><\/div><a href=\"#\" class=\"download-media_btn\"><i class=\"far fa-arrow-right\"><\/i><\/a><\/div><div class=\"download-media\"><div class=\"download-media_icon\"><i class=\"fal fa-file-pdf\"><\/i><\/div><div class=\"download-media_info\"><h5 class=\"download-media_title\">Company Details<\/h5><span class=\"download-media_text\">Download<\/span><\/div><a href=\"#\" class=\"download-media_btn\"><i class=\"far fa-arrow-right\"><\/i><\/a><\/div><\/div><\/div>\t\t\t\t<\/div>\n\t\t\t\t<\/div>\n\t\t\t\t<div class=\"elementor-element elementor-element-d4ff3e9 elementor-widget elementor-widget-text-editor\" data-id=\"d4ff3e9\" data-element_type=\"widget\" data-e-type=\"widget\" data-widget_type=\"text-editor.default\">\n\t\t\t\t<div class=\"elementor-widget-container\">\n\t\t\t\t\t\t\t\t\t<div class=\" widget_banner \" data-overlay=\"title\" data-opacity=\"8\" data-bg-src=\"https:\/\/themeholy.com\/wordpress\/konta\/wp-content\/uploads\/2023\/10\/widget-banner-bg.png\">\n<div class=\"widget-banner\">\n<h4 class=\"title\">C\u1ea7n tr\u1ee3 gi\u00fap? Ch\u00fang t\u00f4i \u1edf \u0111\u00e2y \u0111\u1ec3 gi\u00fap b\u1ea1n<\/h4>\n<p><a class=\"link\" href=\"tel:+256214203215\">(+468) 254 762 443<\/a><br \/><a class=\"th-btn style3\" href=\"https:\/\/themeholy.com\/wordpress\/konta\/contact\">Li\u00ean h\u1ec7 v\u1edbi ch\u00fang t\u00f4i ngay<i class=\"far fa-arrow-right ms-1\"><\/i><\/a><\/p>\n<\/div>\n<\/div>\n\t\t\t\t\t\t\t\t<\/div>\n\t\t\t\t<\/div>\n\t\t\t\t\t<\/div>\n\t\t<\/div>\n\t\t\t\t\t<\/div>\n\t\t<\/section>\n\t\t\t\t\t<\/div>\n\t\t<\/div>\n\t\t\t\t\t<\/div>\n\t\t<\/section>\n\t\t\t\t<\/div>\n\t\t","protected":false},"excerpt":{"rendered":"<p>X\u00e2y d\u1ef1ng c\u00f4ng tr\u00ecnh T\u1ed1i \u01b0u h\u00f3a to\u00e0n c\u1ea7u gi\u1ea3i ph\u00e1p hi\u1ec7u qu\u1ea3 cao trong khi \u1ee9ng d\u1ee5ng ngu\u1ed3n m\u1edf. Ho\u00e0n to\u00e0n chi\u1ebfn l\u01b0\u1ee3c h\u00f3a c\u00e1c ngu\u1ed3n n\u1ed9i b\u1ed9 ho\u1eb7c &#8220;h\u1eefu c\u01a1&#8221; ch\u1ea5t l\u01b0\u1ee3ng cho th\u01b0\u01a1ng m\u1ea1i \u0111i\u1ec7n t\u1eed \u1ea3o. T\u00e1i thi\u1ebft k\u1ebf th\u1ecb tr\u01b0\u1eddng doanh nghi\u1ec7p m\u1ed9t c\u00e1ch hu\u1ef3nh quang th\u00f4ng qua c\u00e1c m\u1ea1ng&#8230;<\/p>\n","protected":false},"author":1,"featured_media":0,"parent":0,"menu_order":0,"comment_status":"closed","ping_status":"closed","template":"template-builder.php","meta":{"_monsterinsights_skip_tracking":false,"_monsterinsights_sitenote_active":false,"_monsterinsights_sitenote_note":"","_monsterinsights_sitenote_category":0,"ngg_post_thumbnail":0,"footnotes":""},"class_list":["post-9779","page","type-page","status-publish","hentry"],"aioseo_notices":[],"_links":{"self":[{"href":"https:\/\/laovalue.com\/vi\/wp-json\/wp\/v2\/pages\/9779","targetHints":{"allow":["GET"]}}],"collection":[{"href":"https:\/\/laovalue.com\/vi\/wp-json\/wp\/v2\/pages"}],"about":[{"href":"https:\/\/laovalue.com\/vi\/wp-json\/wp\/v2\/types\/page"}],"author":[{"embeddable":true,"href":"https:\/\/laovalue.com\/vi\/wp-json\/wp\/v2\/users\/1"}],"replies":[{"embeddable":true,"href":"https:\/\/laovalue.com\/vi\/wp-json\/wp\/v2\/comments?post=9779"}],"version-history":[{"count":2,"href":"https:\/\/laovalue.com\/vi\/wp-json\/wp\/v2\/pages\/9779\/revisions"}],"predecessor-version":[{"id":9782,"href":"https:\/\/laovalue.com\/vi\/wp-json\/wp\/v2\/pages\/9779\/revisions\/9782"}],"wp:attachment":[{"href":"https:\/\/laovalue.com\/vi\/wp-json\/wp\/v2\/media?parent=9779"}],"curies":[{"name":"wp","href":"https:\/\/api.w.org\/{rel}","templated":true}]}}